{"id":16429,"date":"2022-03-07T12:19:57","date_gmt":"2022-03-07T12:19:57","guid":{"rendered":"https:\/\/www.teacherbuilder.com\/aplicacion\/"},"modified":"2026-01-13T21:44:42","modified_gmt":"2026-01-13T21:44:42","slug":"aplicacion","status":"publish","type":"page","link":"https:\/\/www.teacherbuilder.com\/es\/aplicacion\/","title":{"rendered":"Aplicaci\u00f3n"},"content":{"rendered":"<div class=\"wpb-content-wrapper\"><p>[vc_section el_id=&#8221;application-section_0&#8243; el_class=&#8221;bg-gradient&#8221;][vc_row][vc_column][vc_empty_space height=&#8221;60px&#8221;][vc_row_inner el_class=&#8221;row no-padding-vc&#8221;][vc_column_inner][vc_column_text el_class=&#8221;text-center&#8221;]<\/p>\n<h1 class=\"page-heading no-margin-bottom\">Solicitud en l\u00ednea<\/h1>\n<p>[\/vc_column_text][\/vc_column_inner][\/vc_row_inner][vc_empty_space height=&#8221;60px&#8221;][\/vc_column][\/vc_row][\/vc_section][vc_section el_id=&#8221;application-section_1&#8243;][vc_row][vc_column][vc_empty_space height=&#8221;90px&#8221; el_class=&#8221;show-for-large&#8221;][vc_empty_space height=&#8221;45px&#8221; el_class=&#8221;hide-for-large&#8221;][vc_row_inner el_class=&#8221;row no-padding-vc&#8221;][vc_column_inner el_class=&#8221;columns small-12 large-offset-1 large-10&#8243;][vc_column_text css=&#8221;&#8221; el_class=&#8221;text-center large-text-left&#8221;][\/vc_column_text][vc_raw_html css=&#8221;&#8221;]PHNjcmlwdCBjaGFyc2V0PSJ1dGYtOCIgdHlwZT0idGV4dC9qYXZhc2NyaXB0IiBzcmM9Ii8vanMuaHNmb3Jtcy5uZXQvZm9ybXMvZW1iZWQvdjIuanMiPjwvc2NyaXB0Pg0KPHNjcmlwdD4NCihmdW5jdGlvbigpIHsNCiAgY29uc3QgRk9STV9TVE9SQUdFX0tFWSA9ICdodWJzcG90X2Zvcm1fY2FjaGVfMzI3Yjg3ZjYnOw0KICANCiAgZnVuY3Rpb24gc2F2ZUZvcm1EYXRhKGZvcm1EYXRhKSB7DQogICAgbG9jYWxTdG9yYWdlLnNldEl0ZW0oRk9STV9TVE9SQUdFX0tFWSwgSlNPTi5zdHJpbmdpZnkoZm9ybURhdGEpKTsNCiAgfQ0KICANCiAgZnVuY3Rpb24gbG9hZEZvcm1EYXRhKCkgew0KICAgIGNvbnN0IGRhdGEgPSBsb2NhbFN0b3JhZ2UuZ2V0SXRlbShGT1JNX1NUT1JBR0VfS0VZKTsNCiAgICByZXR1cm4gZGF0YSA\/IEpTT04ucGFyc2UoZGF0YSkgOiBudWxsOw0KICB9DQogIA0KICBmdW5jdGlvbiBjbGVhckZvcm1EYXRhKCkgew0KICAgIGxvY2FsU3RvcmFnZS5yZW1vdmVJdGVtKEZPUk1fU1RPUkFHRV9LRVkpOw0KICB9DQogIA0KICBoYnNwdC5mb3Jtcy5jcmVhdGUoew0KICAgIHBvcnRhbElkOiAiMjM4NTczMDgiLA0KICAgIGZvcm1JZDogIjMyN2I4N2Y2LTMxZjgtNDc3Mi05NzhmLTc0MTIyNGJjYWRlZiIsDQogICAgcmVnaW9uOiAibmExIiwNCiAgICANCiAgICBvbkZvcm1SZWFkeTogZnVuY3Rpb24oJGZvcm0pIHsNCiAgICAgIC8vIExvYWQgY2FjaGVkIGRhdGENCiAgICAgIGNvbnN0IGNhY2hlZERhdGEgPSBsb2FkRm9ybURhdGEoKTsNCiAgICAgIGlmIChjYWNoZWREYXRhKSB7DQogICAgICAgIE9iamVjdC5rZXlzKGNhY2hlZERhdGEpLmZvckVhY2goZnVuY3Rpb24oZmllbGROYW1lKSB7DQogICAgICAgICAgY29uc3QgZmllbGQgPSAkZm9ybS5maW5kKCdbbmFtZT0iJyArIGZpZWxkTmFtZSArICciXScpOw0KICAgICAgICAgIGlmIChmaWVsZC5sZW5ndGggJiYgIWZpZWxkLnZhbCgpKSB7DQogICAgICAgICAgICBmaWVsZC52YWwoY2FjaGVkRGF0YVtmaWVsZE5hbWVdKTsNCiAgICAgICAgICB9DQogICAgICAgIH0pOw0KICAgICAgICANCiAgICAgICAgLy8gU2hvdyBub3RpZmljYXRpb24gdGhhdCBkYXRhIHdhcyByZXN0b3JlZA0KICAgICAgICBjb25zdCBub3RpY2UgPSAkKCc8ZGl2IGNsYXNzPSJmb3JtLXJlc3RvcmUtbm90aWNlIj5Zb3VyIHByZXZpb3VzIGZvcm0gZGF0YSBoYXMgYmVlbiByZXN0b3JlZC48L2Rpdj4nKTsNCiAgICAgICAgJGZvcm0ucHJlcGVuZChub3RpY2UpOw0KICAgICAgICBzZXRUaW1lb3V0KGZ1bmN0aW9uKCkgeyBub3RpY2UuZmFkZU91dCgpOyB9LCA1MDAwKTsNCiAgICAgIH0NCiAgICAgIA0KICAgICAgLy8gQXV0by1zYXZlIG9uIGlucHV0DQogICAgICAkZm9ybS5maW5kKCdpbnB1dCwgc2VsZWN0LCB0ZXh0YXJlYScpLm9uKCdpbnB1dCBjaGFuZ2UnLCBmdW5jdGlvbigpIHsNCiAgICAgICAgY29uc3QgZm9ybURhdGEgPSB7fTsNCiAgICAgICAgJGZvcm0uZmluZCgnaW5wdXQsIHNlbGVjdCwgdGV4dGFyZWEnKS5lYWNoKGZ1bmN0aW9uKCkgew0KICAgICAgICAgIGNvbnN0IG5hbWUgPSAkKHRoaXMpLmF0dHIoJ25hbWUnKTsNCiAgICAgICAgICBpZiAobmFtZSkgew0KICAgICAgICAgICAgZm9ybURhdGFbbmFtZV0gPSAkKHRoaXMpLnZhbCgpOw0KICAgICAgICAgIH0NCiAgICAgICAgfSk7DQogICAgICAgIHNhdmVGb3JtRGF0YShmb3JtRGF0YSk7DQogICAgICB9KTsNCiAgICB9LA0KICAgIA0KICAgIG9uRm9ybVN1Ym1pdEVycm9yOiBmdW5jdGlvbihlcnJvcikgew0KICAgICAgY29uc3QgZXJyb3JDb250YWluZXIgPSAkKCc8ZGl2IGNsYXNzPSJjdXN0b20tZXJyb3ItYWxlcnQiPjwvZGl2PicpOw0KICAgICAgZXJyb3JDb250YWluZXIuaHRtbCgNCiAgICAgICAgJzxzdHJvbmc+4pqg77iPIEZvcm0gU3VibWlzc2lvbiBGYWlsZWQ8L3N0cm9uZz48YnI+JyArDQogICAgICAgICdQbGVhc2UgcmV2aWV3IHRoZSBoaWdobGlnaHRlZCBmaWVsZHMgYW5kIHRyeSBhZ2Fpbi48YnI+JyArDQogICAgICAgICc8c21hbGw+WW91ciBkYXRhIGhhcyBiZWVuIHNhdmVkLjwvc21hbGw+Jw0KICAgICAgKTsNCiAgICAgIA0KICAgICAgJCgnLmhzLWZvcm0nKS5wcmVwZW5kKGVycm9yQ29udGFpbmVyKTsNCiAgICAgIA0KICAgICAgc2V0VGltZW91dChmdW5jdGlvbigpIHsNCiAgICAgICAgZXJyb3JDb250YWluZXIuZmFkZU91dChmdW5jdGlvbigpIHsgJCh0aGlzKS5yZW1vdmUoKTsgfSk7DQogICAgICB9LCA4MDAwKTsNCiAgICAgIA0KICAgICAgLy8gU2Nyb2xsIHRvIGZvcm0NCiAgICAgICQoJ2h0bWwsIGJvZHknKS5hbmltYXRlKHsNCiAgICAgICAgc2Nyb2xsVG9wOiAkKCcuaHMtZm9ybScpLm9mZnNldCgpLnRvcCAtIDEwMA0KICAgICAgfSwgNTAwKTsNCiAgICB9LA0KICAgIA0KICAgIG9uRm9ybVN1Ym1pdHRlZDogZnVuY3Rpb24oKSB7DQogICAgICBjbGVhckZvcm1EYXRhKCk7DQogICAgfQ0KICB9KTsNCn0pKCk7DQo8L3NjcmlwdD4NCg0KPHN0eWxlPg0KLmZvcm0tcmVzdG9yZS1ub3RpY2Ugew0KICBiYWNrZ3JvdW5kOiAjZDRlZGRhOw0KICBib3JkZXI6IDFweCBzb2xpZCAjYzNlNmNiOw0KICBjb2xvcjogIzE1NTcyNDsNCiAgcGFkZGluZzogMTJweDsNCiAgYm9yZGVyLXJhZGl1czogNHB4Ow0KICBtYXJnaW4tYm90dG9tOiAxNXB4Ow0KfQ0KDQouY3VzdG9tLWVycm9yLWFsZXJ0IHsNCiAgYmFja2dyb3VuZDogI2Y4ZDdkYTsNCiAgYm9yZGVyOiAycHggc29saWQgI2Y1YzZjYjsNCiAgY29sb3I6ICM3MjFjMjQ7DQogIHBhZGRpbmc6IDE1cHg7DQogIGJvcmRlci1yYWRpdXM6IDRweDsNCiAgbWFyZ2luLWJvdHRvbTogMjBweDsNCiAgZm9udC1zaXplOiAxNHB4Ow0KfQ0KPC9zdHlsZT4=[\/vc_raw_html][\/vc_column_inner][\/vc_row_inner][vc_empty_space height=&#8221;90px&#8221; el_class=&#8221;show-for-large&#8221;][vc_empty_space height=&#8221;45px&#8221; el_class=&#8221;hide-for-large&#8221;][\/vc_column][\/vc_row][\/vc_section]<\/p>\n<\/div>","protected":false},"excerpt":{"rendered":"<p>[vc_section el_id=&#8221;application-section_0&#8243; el_class=&#8221;bg-gradient&#8221;][vc_row][vc_column][vc_empty_space height=&#8221;60px&#8221;][vc_row_inner el_class=&#8221;row no-padding-vc&#8221;][vc_column_inner][vc_column_text el_class=&#8221;text-center&#8221;] Solicitud en l\u00ednea [\/vc_column_text][\/vc_column_inner][\/vc_row_inner][vc_empty_space height=&#8221;60px&#8221;][\/vc_column][\/vc_row][\/vc_section][vc_section el_id=&#8221;application-section_1&#8243;][vc_row][vc_column][vc_empty_space height=&#8221;90px&#8221; el_class=&#8221;show-for-large&#8221;][vc_empty_space height=&#8221;45px&#8221; el_class=&#8221;hide-for-large&#8221;][vc_row_inner el_class=&#8221;row no-padding-vc&#8221;][vc_column_inner el_class=&#8221;columns small-12 large-offset-1 large-10&#8243;][vc_column_text css=&#8221;&#8221; el_class=&#8221;text-center large-text-left&#8221;][\/vc_column_text][vc_raw_html css=&#8221;&#8221;]PHNjcmlwdCBjaGFyc2V0PSJ1dGYtOCIgdHlwZT0idGV4dC9qYXZhc2NyaXB0IiBzcmM9Ii8vanMuaHNmb3Jtcy5uZXQvZm9ybXMvZW1iZWQvdjIuanMiPjwvc2NyaXB0Pg0KPHNjcmlwdD4NCihmdW5jdGlvbigpIHsNCiAgY29uc3QgRk9STV9TVE9SQUdFX0tFWSA9ICdodWJzcG90X2Zvcm1fY2FjaGVfMzI3Yjg3ZjYnOw0KICANCiAgZnVuY3Rpb24gc2F2ZUZvcm1EYXRhKGZvcm1EYXRhKSB7DQogICAgbG9jYWxTdG9yYWdlLnNldEl0ZW0oRk9STV9TVE9SQUdFX0tFWSwgSlNPTi5zdHJpbmdpZnkoZm9ybURhdGEpKTsNCiAgfQ0KICANCiAgZnVuY3Rpb24gbG9hZEZvcm1EYXRhKCkgew0KICAgIGNvbnN0IGRhdGEgPSBsb2NhbFN0b3JhZ2UuZ2V0SXRlbShGT1JNX1NUT1JBR0VfS0VZKTsNCiAgICByZXR1cm4gZGF0YSA\/IEpTT04ucGFyc2UoZGF0YSkgOiBudWxsOw0KICB9DQogIA0KICBmdW5jdGlvbiBjbGVhckZvcm1EYXRhKCkgew0KICAgIGxvY2FsU3RvcmFnZS5yZW1vdmVJdGVtKEZPUk1fU1RPUkFHRV9LRVkpOw0KICB9DQogIA0KICBoYnNwdC5mb3Jtcy5jcmVhdGUoew0KICAgIHBvcnRhbElkOiAiMjM4NTczMDgiLA0KICAgIGZvcm1JZDogIjMyN2I4N2Y2LTMxZjgtNDc3Mi05NzhmLTc0MTIyNGJjYWRlZiIsDQogICAgcmVnaW9uOiAibmExIiwNCiAgICANCiAgICBvbkZvcm1SZWFkeTogZnVuY3Rpb24oJGZvcm0pIHsNCiAgICAgIC8vIExvYWQgY2FjaGVkIGRhdGENCiAgICAgIGNvbnN0IGNhY2hlZERhdGEgPSBsb2FkRm9ybURhdGEoKTsNCiAgICAgIGlmIChjYWNoZWREYXRhKSB7DQogICAgICAgIE9iamVjdC5rZXlzKGNhY2hlZERhdGEpLmZvckVhY2goZnVuY3Rpb24oZmllbGROYW1lKSB7DQogICAgICAgICAgY29uc3QgZmllbGQgPSAkZm9ybS5maW5kKCdbbmFtZT0iJyArIGZpZWxkTmFtZSArICciXScpOw0KICAgICAgICAgIGlmIChmaWVsZC5sZW5ndGggJiYgIWZpZWxkLnZhbCgpKSB7DQogICAgICAgICAgICBmaWVsZC52YWwoY2FjaGVkRGF0YVtmaWVsZE5hbWVdKTsNCiAgICAgICAgICB9DQogICAgICAgIH0pOw0KICAgICAgICANCiAgICAgICAgLy8gU2hvdyBub3RpZmljYXRpb24gdGhhdCBkYXRhIHdhcyByZXN0b3JlZA0KICAgICAgICBjb25zdCBub3RpY2UgPSAkKCc8ZGl2IGNsYXNzPSJmb3JtLXJlc3RvcmUtbm90aWNlIj5Zb3VyIHByZXZpb3VzIGZvcm0gZGF0YSBoYXMgYmVlbiByZXN0b3JlZC48L2Rpdj4nKTsNCiAgICAgICAgJGZvcm0ucHJlcGVuZChub3RpY2UpOw0KICAgICAgICBzZXRUaW1lb3V0KGZ1bmN0aW9uKCkgeyBub3RpY2UuZmFkZU91dCgpOyB9LCA1MDAwKTsNCiAgICAgIH0NCiAgICAgIA0KICAgICAgLy8gQXV0by1zYXZlIG9uIGlucHV0DQogICAgICAkZm9ybS5maW5kKCdpbnB1dCwgc2VsZWN0LCB0ZXh0YXJlYScpLm9uKCdpbnB1dCBjaGFuZ2UnLCBmdW5jdGlvbigpIHsNCiAgICAgICAgY29uc3QgZm9ybURhdGEgPSB7fTsNCiAgICAgICAgJGZvcm0uZmluZCgnaW5wdXQsIHNlbGVjdCwgdGV4dGFyZWEnKS5lYWNoKGZ1bmN0aW9uKCkgew0KICAgICAgICAgIGNvbnN0IG5hbWUgPSAkKHRoaXMpLmF0dHIoJ25hbWUnKTsNCiAgICAgICAgICBpZiAobmFtZSkgew0KICAgICAgICAgICAgZm9ybURhdGFbbmFtZV0gPSAkKHRoaXMpLnZhbCgpOw0KICAgICAgICAgIH0NCiAgICAgICAgfSk7DQogICAgICAgIHNhdmVGb3JtRGF0YShmb3JtRGF0YSk7DQogICAgICB9KTsNCiAgICB9LA0KICAgIA0KICAgIG9uRm9ybVN1Ym1pdEVycm9yOiBmdW5jdGlvbihlcnJvcikgew0KICAgICAgY29uc3QgZXJyb3JDb250YWluZXIgPSAkKCc8ZGl2IGNsYXNzPSJjdXN0b20tZXJyb3ItYWxlcnQiPjwvZGl2PicpOw0KICAgICAgZXJyb3JDb250YWluZXIuaHRtbCgNCiAgICAgICAgJzxzdHJvbmc+4pqg77iPIEZvcm0gU3VibWlzc2lvbiBGYWlsZWQ8L3N0cm9uZz48YnI+JyArDQogICAgICAgICdQbGVhc2UgcmV2aWV3IHRoZSBoaWdobGlnaHRlZCBmaWVsZHMgYW5kIHRyeSBhZ2Fpbi48YnI+JyArDQogICAgICAgICc8c21hbGw+WW91ciBkYXRhIGhhcyBiZWVuIHNhdmVkLjwvc21hbGw+Jw0KICAgICAgKTsNCiAgICAgIA0KICAgICAgJCgnLmhzLWZvcm0nKS5wcmVwZW5kKGVycm9yQ29udGFpbmVyKTsNCiAgICAgIA0KICAgICAgc2V0VGltZW91dChmdW5jdGlvbigpIHsNCiAgICAgICAgZXJyb3JDb250YWluZXIuZmFkZU91dChmdW5jdGlvbigpIHsgJCh0aGlzKS5yZW1vdmUoKTsgfSk7DQogICAgICB9LCA4MDAwKTsNCiAgICAgIA0KICAgICAgLy8gU2Nyb2xsIHRvIGZvcm0NCiAgICAgICQoJ2h0bWwsIGJvZHknKS5hbmltYXRlKHsNCiAgICAgICAgc2Nyb2xsVG9wOiAkKCcuaHMtZm9ybScpLm9mZnNldCgpLnRvcCAtIDEwMA0KICAgICAgfSwgNTAwKTsNCiAgICB9LA0KICAgIA0KICAgIG9uRm9ybVN1Ym1pdHRlZDogZnVuY3Rpb24oKSB7DQogICAgICBjbGVhckZvcm1EYXRhKCk7DQogICAgfQ0KICB9KTsNCn0pKCk7DQo8L3NjcmlwdD4NCg0KPHN0eWxlPg0KLmZvcm0tcmVzdG9yZS1ub3RpY2Ugew0KICBiYWNrZ3JvdW5kOiAjZDRlZGRhOw0KICBib3JkZXI6IDFweCBzb2xpZCAjYzNlNmNiOw0KICBjb2xvcjogIzE1NTcyNDsNCiAgcGFkZGluZzogMTJweDsNCiAgYm9yZGVyLXJhZGl1czogNHB4Ow0KICBtYXJnaW4tYm90dG9tOiAxNXB4Ow0KfQ0KDQouY3VzdG9tLWVycm9yLWFsZXJ0IHsNCiAgYmFja2dyb3VuZDogI2Y4ZDdkYTsNCiAgYm9yZGVyOiAycHggc29saWQgI2Y1YzZjYjsNCiAgY29sb3I6ICM3MjFjMjQ7DQogIHBhZGRpbmc6IDE1cHg7DQogIGJvcmRlci1yYWRpdXM6IDRweDsNCiAgbWFyZ2luLWJvdHRvbTogMjBweDsNCiAgZm9udC1zaXplOiAxNHB4Ow0KfQ0KPC9zdHlsZT4=[\/vc_raw_html][\/vc_column_inner][\/vc_row_inner][vc_empty_space height=&#8221;90px&#8221; el_class=&#8221;show-for-large&#8221;][vc_empty_space height=&#8221;45px&#8221; el_class=&#8221;hide-for-large&#8221;][\/vc_column][\/vc_row][\/vc_section]<\/p>\n","protected":false},"author":1,"featured_media":0,"parent":0,"menu_order":0,"comment_status":"closed","ping_status":"closed","template":"template-visual-builder.php","meta":{"footnotes":""},"class_list":["post-16429","page","type-page","status-publish","hentry"],"yoast_head":"<!-- This site is optimized with the Yoast SEO plugin v26.9 - https:\/\/yoast.com\/product\/yoast-seo-wordpress\/ -->\n<title>Aplicaci\u00f3n | Teacher Builder<\/title>\n<meta name=\"description\" content=\"Completa tu solicitud en TeacherBuilder y comienza tu certificaci\u00f3n docente en Texas con un proceso f\u00e1cil y r\u00e1pido.\" \/>\n<meta name=\"robots\" content=\"index, follow, max-snippet:-1, max-image-preview:large, max-video-preview:-1\" \/>\n<link rel=\"canonical\" href=\"https:\/\/www.teacherbuilder.com\/es\/aplicacion\/\" \/>\n<meta property=\"og:locale\" content=\"es_MX\" \/>\n<meta property=\"og:type\" content=\"article\" \/>\n<meta property=\"og:title\" content=\"Aplicaci\u00f3n | Teacher Builder\" \/>\n<meta property=\"og:description\" content=\"Completa tu solicitud en TeacherBuilder y comienza tu certificaci\u00f3n docente en Texas con un proceso f\u00e1cil y r\u00e1pido.\" \/>\n<meta property=\"og:url\" content=\"https:\/\/www.teacherbuilder.com\/es\/aplicacion\/\" \/>\n<meta property=\"og:site_name\" content=\"Teacher Builder\" \/>\n<meta property=\"article:publisher\" content=\"https:\/\/www.facebook.com\/teacherbuilderrgv\/\" \/>\n<meta property=\"article:modified_time\" content=\"2026-01-13T21:44:42+00:00\" \/>\n<meta name=\"twitter:card\" content=\"summary_large_image\" \/>\n<meta name=\"twitter:site\" content=\"@TeacherBuildTX\" \/>\n<meta name=\"twitter:label1\" content=\"Est. reading time\" \/>\n\t<meta name=\"twitter:data1\" content=\"3 minutes\" \/>\n<script type=\"application\/ld+json\" class=\"yoast-schema-graph\">{\"@context\":\"https:\/\/schema.org\",\"@graph\":[{\"@type\":\"WebPage\",\"@id\":\"https:\/\/www.teacherbuilder.com\/es\/aplicacion\/\",\"url\":\"https:\/\/www.teacherbuilder.com\/es\/aplicacion\/\",\"name\":\"Aplicaci\u00f3n | Teacher Builder\",\"isPartOf\":{\"@id\":\"https:\/\/www.teacherbuilder.com\/#website\"},\"datePublished\":\"2022-03-07T12:19:57+00:00\",\"dateModified\":\"2026-01-13T21:44:42+00:00\",\"description\":\"Completa tu solicitud en TeacherBuilder y comienza tu certificaci\u00f3n docente en Texas con un proceso f\u00e1cil y r\u00e1pido.\",\"inLanguage\":\"es-MX\",\"potentialAction\":[{\"@type\":\"ReadAction\",\"target\":[\"https:\/\/www.teacherbuilder.com\/es\/aplicacion\/\"]}]},{\"@type\":\"WebSite\",\"@id\":\"https:\/\/www.teacherbuilder.com\/#website\",\"url\":\"https:\/\/www.teacherbuilder.com\/\",\"name\":\"Teacher Builder\",\"description\":\"Online Educator Preparation Program\",\"publisher\":{\"@id\":\"https:\/\/www.teacherbuilder.com\/#organization\"},\"potentialAction\":[{\"@type\":\"SearchAction\",\"target\":{\"@type\":\"EntryPoint\",\"urlTemplate\":\"https:\/\/www.teacherbuilder.com\/?s={search_term_string}\"},\"query-input\":{\"@type\":\"PropertyValueSpecification\",\"valueRequired\":true,\"valueName\":\"search_term_string\"}}],\"inLanguage\":\"es-MX\"},{\"@type\":\"Organization\",\"@id\":\"https:\/\/www.teacherbuilder.com\/#organization\",\"name\":\"Teacher Builder\",\"url\":\"https:\/\/www.teacherbuilder.com\/\",\"logo\":{\"@type\":\"ImageObject\",\"inLanguage\":\"es-MX\",\"@id\":\"https:\/\/www.teacherbuilder.com\/#\/schema\/logo\/image\/\",\"url\":\"https:\/\/www.teacherbuilder.com\/wp-content\/uploads\/2022\/03\/logo-square.jpg\",\"contentUrl\":\"https:\/\/www.teacherbuilder.com\/wp-content\/uploads\/2022\/03\/logo-square.jpg\",\"width\":260,\"height\":260,\"caption\":\"Teacher Builder\"},\"image\":{\"@id\":\"https:\/\/www.teacherbuilder.com\/#\/schema\/logo\/image\/\"},\"sameAs\":[\"https:\/\/www.facebook.com\/teacherbuilderrgv\/\",\"https:\/\/x.com\/TeacherBuildTX\",\"https:\/\/www.instagram.com\/teacherbuilder\/\",\"https:\/\/www.linkedin.com\/company\/teacher-builder-rgv\/\",\"https:\/\/www.youtube.com\/channel\/UCpVZ_MFugbxS7sHnmryLvjQ\"]}]}<\/script>\n<!-- \/ Yoast SEO plugin. -->","yoast_head_json":{"title":"Aplicaci\u00f3n | Teacher Builder","description":"Completa tu solicitud en TeacherBuilder y comienza tu certificaci\u00f3n docente en Texas con un proceso f\u00e1cil y r\u00e1pido.","robots":{"index":"index","follow":"follow","max-snippet":"max-snippet:-1","max-image-preview":"max-image-preview:large","max-video-preview":"max-video-preview:-1"},"canonical":"https:\/\/www.teacherbuilder.com\/es\/aplicacion\/","og_locale":"es_MX","og_type":"article","og_title":"Aplicaci\u00f3n | Teacher Builder","og_description":"Completa tu solicitud en TeacherBuilder y comienza tu certificaci\u00f3n docente en Texas con un proceso f\u00e1cil y r\u00e1pido.","og_url":"https:\/\/www.teacherbuilder.com\/es\/aplicacion\/","og_site_name":"Teacher Builder","article_publisher":"https:\/\/www.facebook.com\/teacherbuilderrgv\/","article_modified_time":"2026-01-13T21:44:42+00:00","twitter_card":"summary_large_image","twitter_site":"@TeacherBuildTX","twitter_misc":{"Est. reading time":"3 minutes"},"schema":{"@context":"https:\/\/schema.org","@graph":[{"@type":"WebPage","@id":"https:\/\/www.teacherbuilder.com\/es\/aplicacion\/","url":"https:\/\/www.teacherbuilder.com\/es\/aplicacion\/","name":"Aplicaci\u00f3n | Teacher Builder","isPartOf":{"@id":"https:\/\/www.teacherbuilder.com\/#website"},"datePublished":"2022-03-07T12:19:57+00:00","dateModified":"2026-01-13T21:44:42+00:00","description":"Completa tu solicitud en TeacherBuilder y comienza tu certificaci\u00f3n docente en Texas con un proceso f\u00e1cil y r\u00e1pido.","inLanguage":"es-MX","potentialAction":[{"@type":"ReadAction","target":["https:\/\/www.teacherbuilder.com\/es\/aplicacion\/"]}]},{"@type":"WebSite","@id":"https:\/\/www.teacherbuilder.com\/#website","url":"https:\/\/www.teacherbuilder.com\/","name":"Teacher Builder","description":"Online Educator Preparation Program","publisher":{"@id":"https:\/\/www.teacherbuilder.com\/#organization"},"potentialAction":[{"@type":"SearchAction","target":{"@type":"EntryPoint","urlTemplate":"https:\/\/www.teacherbuilder.com\/?s={search_term_string}"},"query-input":{"@type":"PropertyValueSpecification","valueRequired":true,"valueName":"search_term_string"}}],"inLanguage":"es-MX"},{"@type":"Organization","@id":"https:\/\/www.teacherbuilder.com\/#organization","name":"Teacher Builder","url":"https:\/\/www.teacherbuilder.com\/","logo":{"@type":"ImageObject","inLanguage":"es-MX","@id":"https:\/\/www.teacherbuilder.com\/#\/schema\/logo\/image\/","url":"https:\/\/www.teacherbuilder.com\/wp-content\/uploads\/2022\/03\/logo-square.jpg","contentUrl":"https:\/\/www.teacherbuilder.com\/wp-content\/uploads\/2022\/03\/logo-square.jpg","width":260,"height":260,"caption":"Teacher Builder"},"image":{"@id":"https:\/\/www.teacherbuilder.com\/#\/schema\/logo\/image\/"},"sameAs":["https:\/\/www.facebook.com\/teacherbuilderrgv\/","https:\/\/x.com\/TeacherBuildTX","https:\/\/www.instagram.com\/teacherbuilder\/","https:\/\/www.linkedin.com\/company\/teacher-builder-rgv\/","https:\/\/www.youtube.com\/channel\/UCpVZ_MFugbxS7sHnmryLvjQ"]}]}},"_links":{"self":[{"href":"https:\/\/www.teacherbuilder.com\/es\/wp-json\/wp\/v2\/pages\/16429","targetHints":{"allow":["GET"]}}],"collection":[{"href":"https:\/\/www.teacherbuilder.com\/es\/wp-json\/wp\/v2\/pages"}],"about":[{"href":"https:\/\/www.teacherbuilder.com\/es\/wp-json\/wp\/v2\/types\/page"}],"author":[{"embeddable":true,"href":"https:\/\/www.teacherbuilder.com\/es\/wp-json\/wp\/v2\/users\/1"}],"replies":[{"embeddable":true,"href":"https:\/\/www.teacherbuilder.com\/es\/wp-json\/wp\/v2\/comments?post=16429"}],"version-history":[{"count":8,"href":"https:\/\/www.teacherbuilder.com\/es\/wp-json\/wp\/v2\/pages\/16429\/revisions"}],"predecessor-version":[{"id":71266,"href":"https:\/\/www.teacherbuilder.com\/es\/wp-json\/wp\/v2\/pages\/16429\/revisions\/71266"}],"wp:attachment":[{"href":"https:\/\/www.teacherbuilder.com\/es\/wp-json\/wp\/v2\/media?parent=16429"}],"curies":[{"name":"wp","href":"https:\/\/api.w.org\/{rel}","templated":true}]}}