{"id":16433,"date":"2022-03-06T08:57:47","date_gmt":"2022-03-06T08:57:47","guid":{"rendered":"https:\/\/www.teacherbuilder.com\/recursos\/"},"modified":"2023-07-21T18:58:18","modified_gmt":"2023-07-21T18:58:18","slug":"recursos","status":"publish","type":"page","link":"https:\/\/www.teacherbuilder.com\/es\/recursos\/","title":{"rendered":"Recursos"},"content":{"rendered":"<div class=\"wpb-content-wrapper\"><p>[vc_section el_id=&#8221;resources-section_0&#8243; el_class=&#8221;bg-gradient&#8221;][vc_row][vc_column][vc_empty_space height=&#8221;60px&#8221;][vc_row_inner el_class=&#8221;row no-padding-vc&#8221;][vc_column_inner][vc_column_text el_class=&#8221;text-center&#8221;]<\/p>\n<h1 class=\"page-heading no-margin-bottom\">Recursos<\/h1>\n<p>[\/vc_column_text][\/vc_column_inner][\/vc_row_inner][vc_empty_space height=&#8221;60px&#8221;][\/vc_column][\/vc_row][\/vc_section][vc_section el_id=&#8221;resources-section_1&#8243;][vc_row][vc_column][vc_empty_space height=&#8221;90px&#8221; el_class=&#8221;show-for-large&#8221;][vc_empty_space height=&#8221;45px&#8221; el_class=&#8221;hide-for-large&#8221;][vc_row_inner el_class=&#8221;row no-padding-vc&#8221;][vc_column_inner][vc_column_text el_class=&#8221;text-center&#8221;]<\/p>\n<h1 class=\"bottom-buffer-2point5rem\">Documentos y recursos<\/h1>\n<p class=\"big\">Consulte nuestra selecci\u00f3n de materiales y recursos alternativos para la certificaci\u00f3n de profesores.<\/p>\n<p>[\/vc_column_text][\/vc_column_inner][\/vc_row_inner][vc_empty_space height=&#8221;90px&#8221; el_class=&#8221;show-for-large&#8221;][vc_empty_space height=&#8221;45px&#8221; el_class=&#8221;hide-for-large&#8221;][vc_row_inner el_class=&#8221;row no-padding-vc codesm-equalize-content-medium&#8221;][vc_column_inner el_class=&#8221;small-12 medium-6 large-3 columns&#8221; width=&#8221;1\/4&#8243;][vc_column_text]<\/p>\n<div class=\"card has-box-shadow has-border-radius has-padding text-center\" data-equalizer-watch=\"medium\">\n<div class=\"card-image bottom-buffer-1point5rem \">\n<p class=\"\" style=\"text-align: center;\"><img loading=\"lazy\" decoding=\"async\" class=\"alignnone size-full wp-image-62\" src=\"https:\/\/www.teacherbuilder.com\/wp-content\/uploads\/2022\/03\/resources-section_1-img_1.png\" alt=\"\" width=\"125\" height=\"125\"><\/p>\n<\/div>\n<div class=\"card-content\">\n<h3 class=\"remove-br bottom-buffer-2rem fix-min-height\">Inscr\u00edbete<br \/>\nEx\u00e1menes<\/h3>\n<p><a class=\"button secondary has-icon uc disabled-min-width\" href=\"http:\/\/www.tx.nesinc.com\/PageView.aspx?f=GEN_Register.html\" target=\"_blank\" rel=\"noopener\">M\u00e1s informaci\u00f3n<\/a><\/p>\n<\/div>\n<\/div>\n<p>[\/vc_column_text][vc_empty_space height=&#8221;45px&#8221; el_class=&#8221;hide-for-large&#8221;][\/vc_column_inner][vc_column_inner el_class=&#8221;small-12 medium-6 large-3 columns&#8221; width=&#8221;1\/4&#8243;][vc_column_text]<\/p>\n<div class=\"card has-box-shadow has-border-radius has-padding text-center\" data-equalizer-watch=\"medium\">\n<div class=\"card-image bottom-buffer-1point5rem \">\n<p class=\"\" style=\"text-align: center;\"><img loading=\"lazy\" decoding=\"async\" class=\"alignnone size-full wp-image-62\" src=\"https:\/\/www.teacherbuilder.com\/wp-content\/uploads\/2022\/03\/resources-section_1-img_1.png\" alt=\"\" width=\"125\" height=\"125\"><\/p>\n<\/div>\n<div class=\"card-content\">\n<h3 class=\"remove-br bottom-buffer-2rem fix-min-height\">240Tutor\u00eda<\/h3>\n<p><a class=\"button secondary has-icon uc disabled-min-width\" href=\"https:\/\/answers.240tutoring.com\/navigating-the-240-tutoring-program\" target=\"_blank\" rel=\"noopener\">M\u00e1s informaci\u00f3n<\/a><\/p>\n<\/div>\n<\/div>\n<p>[\/vc_column_text][vc_empty_space height=&#8221;45px&#8221; el_class=&#8221;hide-for-large&#8221;][\/vc_column_inner][vc_column_inner el_class=&#8221;small-12 medium-6 large-3 columns&#8221; width=&#8221;1\/4&#8243;][vc_column_text]<\/p>\n<div class=\"card has-box-shadow has-border-radius has-padding text-center\" data-equalizer-watch=\"medium\">\n<div class=\"card-image bottom-buffer-1point5rem \">\n<p class=\"\" style=\"text-align: center;\"><img loading=\"lazy\" decoding=\"async\" class=\"alignnone size-full wp-image-62\" src=\"https:\/\/www.teacherbuilder.com\/wp-content\/uploads\/2022\/03\/resources-section_1-img_1.png\" alt=\"\" width=\"125\" height=\"125\"><\/p>\n<\/div>\n<div class=\"card-content\">\n<h3 class=\"remove-br bottom-buffer-2rem fix-min-height\">Certificar<br \/>\nProfesor<\/h3>\n<p><a class=\"button secondary has-icon uc disabled-min-width\" href=\"https:\/\/www.icas.certifyteacher.com\/student\/how_to_use\" target=\"_blank\" rel=\"noopener\">M\u00e1s informaci\u00f3n<\/a><\/p>\n<\/div>\n<\/div>\n<p>[\/vc_column_text][vc_empty_space height=&#8221;45px&#8221; el_class=&#8221;hide-for-large&#8221;][\/vc_column_inner][vc_column_inner el_class=&#8221;small-12 medium-6 large-3 columns&#8221; width=&#8221;1\/4&#8243;][vc_column_text]<\/p>\n<div class=\"card has-box-shadow has-border-radius has-padding text-center\" data-equalizer-watch=\"medium\">\n<div class=\"card-image bottom-buffer-1point5rem \">\n<p class=\"\" style=\"text-align: center;\"><img loading=\"lazy\" decoding=\"async\" class=\"alignnone size-full wp-image-66\" src=\"https:\/\/www.teacherbuilder.com\/wp-content\/uploads\/2022\/03\/resources-section_1-img_2.png\" alt=\"\" width=\"100\" height=\"124\"><\/p>\n<\/div>\n<div class=\"card-content\">\n<h3 class=\"remove-br bottom-buffer-2rem fix-min-height\">TBC Estudiante<br \/>\nManual<\/h3>\n<p><a class=\"button secondary has-icon uc disabled-min-width\" href=\"\/wp-content\/uploads\/2023\/07\/TBC-Student-Handbook.pdf\" download=\"TBC Student Handbook\">descargar<\/a><\/p>\n<\/div>\n<\/div>\n<p>[\/vc_column_text][\/vc_column_inner][\/vc_row_inner][vc_empty_space height=&#8221;90px&#8221; el_class=&#8221;show-for-large&#8221;][vc_empty_space height=&#8221;45px&#8221; el_class=&#8221;hide-for-large&#8221;][vc_row_inner disable_element=&#8221;yes&#8221; el_class=&#8221;row no-padding-vc codesm-equalize-content-medium&#8221;][vc_column_inner el_class=&#8221;small-12 medium-6 large-3 columns&#8221; width=&#8221;1\/4&#8243;][vc_column_text]<\/p>\n<div class=\"card has-box-shadow has-border-radius has-padding text-center\" data-equalizer-watch=\"medium\">\n<div class=\"card-image bottom-buffer-1point5rem \">\n<p class=\"\" style=\"text-align: center;\"><img loading=\"lazy\" decoding=\"async\" class=\"alignnone size-full wp-image-6151\" src=\"https:\/\/www.teacherbuilder.com\/wp-content\/uploads\/2022\/09\/resource-video-play.png\" alt=\"\" width=\"124\" height=\"125\"><\/p>\n<\/div>\n<div class=\"card-content\">\n<h3 class=\"remove-br bottom-buffer-2rem fix-min-height\">V\u00eddeo de orientaci\u00f3n<\/h3>\n<p><a class=\"button secondary has-icon uc disabled-min-width\" rel=\"noopener\" data-open=\"exampleModal1\">Ver ahora<\/a><\/p>\n<\/div>\n<\/div>\n<p>[\/vc_column_text][vc_column_text]<\/p>\n<div id=\"exampleModal1\" class=\"reveal small text-center\" data-reveal=\"\">\n<h2 class=\"bottom-buffer-1point5rem\">Orientaci\u00f3n para profesores<\/h2>\n<div class=\"responsive-embed widescreen\"><iframe id=\"player\" src=\"https:\/\/player.vimeo.com\/video\/744684445\" width=\"100%\" frameborder=\"0\" allowfullscreen=\"allowfullscreen\"><\/iframe><\/div>\n<p><button class=\"close-button\" style=\"padding: 10px;\" type=\"button\" data-close=\"\" aria-label=\"Close modal\"><span class=\"alt-primary\" aria-hidden=\"true\">\u00d7<\/span><\/button><\/p>\n<\/div>\n<p>[\/vc_column_text][vc_empty_space height=&#8221;45px&#8221; el_class=&#8221;hide-for-large&#8221;][\/vc_column_inner][vc_column_inner el_class=&#8221;small-12 medium-6 large-3 columns&#8221; width=&#8221;1\/4&#8243;][vc_empty_space height=&#8221;45px&#8221; el_class=&#8221;show-for-large&#8221;][\/vc_column_inner][vc_column_inner el_class=&#8221;small-12 medium-6 large-3 columns&#8221; width=&#8221;1\/4&#8243;][vc_empty_space height=&#8221;45px&#8221; el_class=&#8221;show-for-large&#8221;][\/vc_column_inner][vc_column_inner el_class=&#8221;small-12 medium-6 large-3 columns&#8221; width=&#8221;1\/4&#8243;][vc_empty_space height=&#8221;45px&#8221; el_class=&#8221;show-for-large&#8221;][\/vc_column_inner][\/vc_row_inner][vc_empty_space height=&#8221;90px&#8221; el_class=&#8221;show-for-large&#8221;][vc_empty_space height=&#8221;45px&#8221; el_class=&#8221;hide-for-large&#8221;][\/vc_column][\/vc_row][\/vc_section]<\/p>\n<\/div>","protected":false},"excerpt":{"rendered":"<p>[vc_section el_id=&#8221;resources-section_0&#8243; el_class=&#8221;bg-gradient&#8221;][vc_row][vc_column][vc_empty_space height=&#8221;60px&#8221;][vc_row_inner el_class=&#8221;row no-padding-vc&#8221;][vc_column_inner][vc_column_text el_class=&#8221;text-center&#8221;] Recursos [\/vc_column_text][\/vc_column_inner][\/vc_row_inner][vc_empty_space height=&#8221;60px&#8221;][\/vc_column][\/vc_row][\/vc_section][vc_section el_id=&#8221;resources-section_1&#8243;][vc_row][vc_column][vc_empty_space height=&#8221;90px&#8221; el_class=&#8221;show-for-large&#8221;][vc_empty_space height=&#8221;45px&#8221; el_class=&#8221;hide-for-large&#8221;][vc_row_inner el_class=&#8221;row no-padding-vc&#8221;][vc_column_inner][vc_column_text el_class=&#8221;text-center&#8221;] Documentos y recursos Consulte nuestra selecci\u00f3n de materiales y recursos alternativos para la certificaci\u00f3n de profesores. [\/vc_column_text][\/vc_column_inner][\/vc_row_inner][vc_empty_space height=&#8221;90px&#8221; el_class=&#8221;show-for-large&#8221;][vc_empty_space height=&#8221;45px&#8221; el_class=&#8221;hide-for-large&#8221;][vc_row_inner el_class=&#8221;row no-padding-vc codesm-equalize-content-medium&#8221;][vc_column_inner el_class=&#8221;small-12 medium-6 large-3 columns&#8221; width=&#8221;1\/4&#8243;][vc_column_text] Inscr\u00edbete Ex\u00e1menes M\u00e1s informaci\u00f3n [\/vc_column_text][vc_empty_space height=&#8221;45px&#8221; el_class=&#8221;hide-for-large&#8221;][\/vc_column_inner][vc_column_inner el_class=&#8221;small-12<a class=\"excerpt-read-more\" href=\"https:\/\/www.teacherbuilder.com\/es\/recursos\/\" title=\"ReadRecursos\">&#8230; Read more &raquo;<\/a><\/p>\n","protected":false},"author":1,"featured_media":0,"parent":0,"menu_order":0,"comment_status":"closed","ping_status":"closed","template":"template-visual-builder.php","meta":{"footnotes":""},"class_list":["post-16433","page","type-page","status-publish","hentry"],"yoast_head":"<!-- This site is optimized with the Yoast SEO plugin v26.9 - https:\/\/yoast.com\/product\/yoast-seo-wordpress\/ -->\n<title>Recursos | Teacher Builder<\/title>\n<meta name=\"description\" content=\"Explora recursos para tu certificaci\u00f3n docente en Texas.\" \/>\n<meta name=\"robots\" content=\"index, follow, max-snippet:-1, max-image-preview:large, max-video-preview:-1\" \/>\n<link rel=\"canonical\" href=\"https:\/\/www.teacherbuilder.com\/resources\/\" \/>\n<meta property=\"og:locale\" content=\"es_MX\" \/>\n<meta property=\"og:type\" content=\"article\" \/>\n<meta property=\"og:title\" content=\"Recursos | Teacher Builder\" \/>\n<meta property=\"og:description\" content=\"Explora recursos para tu certificaci\u00f3n docente en Texas.\" \/>\n<meta property=\"og:url\" content=\"https:\/\/www.teacherbuilder.com\/resources\/\" \/>\n<meta property=\"og:site_name\" content=\"Teacher Builder\" \/>\n<meta property=\"article:publisher\" content=\"https:\/\/www.facebook.com\/teacherbuilderrgv\/\" \/>\n<meta property=\"article:modified_time\" content=\"2023-07-21T18:58:18+00:00\" \/>\n<meta property=\"og:image\" content=\"https:\/\/www.teacherbuilder.com\/wp-content\/uploads\/2022\/03\/resources-section_1-img_1.png\" \/>\n\t<meta property=\"og:image:width\" content=\"125\" \/>\n\t<meta property=\"og:image:height\" content=\"125\" \/>\n\t<meta property=\"og:image:type\" content=\"image\/png\" \/>\n<meta name=\"twitter:card\" content=\"summary_large_image\" \/>\n<meta name=\"twitter:site\" content=\"@TeacherBuildTX\" \/>\n<meta name=\"twitter:label1\" content=\"Est. reading time\" \/>\n\t<meta name=\"twitter:data1\" content=\"2 minutes\" \/>\n<script type=\"application\/ld+json\" class=\"yoast-schema-graph\">{\"@context\":\"https:\/\/schema.org\",\"@graph\":[{\"@type\":\"WebPage\",\"@id\":\"https:\/\/www.teacherbuilder.com\/resources\/\",\"url\":\"https:\/\/www.teacherbuilder.com\/resources\/\",\"name\":\"Recursos | Teacher Builder\",\"isPartOf\":{\"@id\":\"https:\/\/www.teacherbuilder.com\/#website\"},\"primaryImageOfPage\":{\"@id\":\"https:\/\/www.teacherbuilder.com\/resources\/#primaryimage\"},\"image\":{\"@id\":\"https:\/\/www.teacherbuilder.com\/resources\/#primaryimage\"},\"thumbnailUrl\":\"https:\/\/www.teacherbuilder.com\/wp-content\/uploads\/2022\/03\/resources-section_1-img_1.png\",\"datePublished\":\"2022-03-06T08:57:47+00:00\",\"dateModified\":\"2023-07-21T18:58:18+00:00\",\"description\":\"Explora recursos para tu certificaci\u00f3n docente en Texas.\",\"inLanguage\":\"es-MX\",\"potentialAction\":[{\"@type\":\"ReadAction\",\"target\":[\"https:\/\/www.teacherbuilder.com\/resources\/\"]}]},{\"@type\":\"ImageObject\",\"inLanguage\":\"es-MX\",\"@id\":\"https:\/\/www.teacherbuilder.com\/resources\/#primaryimage\",\"url\":\"https:\/\/www.teacherbuilder.com\/wp-content\/uploads\/2022\/03\/resources-section_1-img_1.png\",\"contentUrl\":\"https:\/\/www.teacherbuilder.com\/wp-content\/uploads\/2022\/03\/resources-section_1-img_1.png\"},{\"@type\":\"WebSite\",\"@id\":\"https:\/\/www.teacherbuilder.com\/#website\",\"url\":\"https:\/\/www.teacherbuilder.com\/\",\"name\":\"Teacher Builder\",\"description\":\"Online Educator Preparation Program\",\"publisher\":{\"@id\":\"https:\/\/www.teacherbuilder.com\/#organization\"},\"potentialAction\":[{\"@type\":\"SearchAction\",\"target\":{\"@type\":\"EntryPoint\",\"urlTemplate\":\"https:\/\/www.teacherbuilder.com\/?s={search_term_string}\"},\"query-input\":{\"@type\":\"PropertyValueSpecification\",\"valueRequired\":true,\"valueName\":\"search_term_string\"}}],\"inLanguage\":\"es-MX\"},{\"@type\":\"Organization\",\"@id\":\"https:\/\/www.teacherbuilder.com\/#organization\",\"name\":\"Teacher Builder\",\"url\":\"https:\/\/www.teacherbuilder.com\/\",\"logo\":{\"@type\":\"ImageObject\",\"inLanguage\":\"es-MX\",\"@id\":\"https:\/\/www.teacherbuilder.com\/#\/schema\/logo\/image\/\",\"url\":\"https:\/\/www.teacherbuilder.com\/wp-content\/uploads\/2022\/03\/logo-square.jpg\",\"contentUrl\":\"https:\/\/www.teacherbuilder.com\/wp-content\/uploads\/2022\/03\/logo-square.jpg\",\"width\":260,\"height\":260,\"caption\":\"Teacher Builder\"},\"image\":{\"@id\":\"https:\/\/www.teacherbuilder.com\/#\/schema\/logo\/image\/\"},\"sameAs\":[\"https:\/\/www.facebook.com\/teacherbuilderrgv\/\",\"https:\/\/x.com\/TeacherBuildTX\",\"https:\/\/www.instagram.com\/teacherbuilder\/\",\"https:\/\/www.linkedin.com\/company\/teacher-builder-rgv\/\",\"https:\/\/www.youtube.com\/channel\/UCpVZ_MFugbxS7sHnmryLvjQ\"]}]}<\/script>\n<!-- \/ Yoast SEO plugin. -->","yoast_head_json":{"title":"Recursos | Teacher Builder","description":"Explora recursos para tu certificaci\u00f3n docente en Texas.","robots":{"index":"index","follow":"follow","max-snippet":"max-snippet:-1","max-image-preview":"max-image-preview:large","max-video-preview":"max-video-preview:-1"},"canonical":"https:\/\/www.teacherbuilder.com\/resources\/","og_locale":"es_MX","og_type":"article","og_title":"Recursos | Teacher Builder","og_description":"Explora recursos para tu certificaci\u00f3n docente en Texas.","og_url":"https:\/\/www.teacherbuilder.com\/resources\/","og_site_name":"Teacher Builder","article_publisher":"https:\/\/www.facebook.com\/teacherbuilderrgv\/","article_modified_time":"2023-07-21T18:58:18+00:00","og_image":[{"width":125,"height":125,"url":"https:\/\/www.teacherbuilder.com\/wp-content\/uploads\/2022\/03\/resources-section_1-img_1.png","type":"image\/png"}],"twitter_card":"summary_large_image","twitter_site":"@TeacherBuildTX","twitter_misc":{"Est. reading time":"2 minutes"},"schema":{"@context":"https:\/\/schema.org","@graph":[{"@type":"WebPage","@id":"https:\/\/www.teacherbuilder.com\/resources\/","url":"https:\/\/www.teacherbuilder.com\/resources\/","name":"Recursos | Teacher Builder","isPartOf":{"@id":"https:\/\/www.teacherbuilder.com\/#website"},"primaryImageOfPage":{"@id":"https:\/\/www.teacherbuilder.com\/resources\/#primaryimage"},"image":{"@id":"https:\/\/www.teacherbuilder.com\/resources\/#primaryimage"},"thumbnailUrl":"https:\/\/www.teacherbuilder.com\/wp-content\/uploads\/2022\/03\/resources-section_1-img_1.png","datePublished":"2022-03-06T08:57:47+00:00","dateModified":"2023-07-21T18:58:18+00:00","description":"Explora recursos para tu certificaci\u00f3n docente en Texas.","inLanguage":"es-MX","potentialAction":[{"@type":"ReadAction","target":["https:\/\/www.teacherbuilder.com\/resources\/"]}]},{"@type":"ImageObject","inLanguage":"es-MX","@id":"https:\/\/www.teacherbuilder.com\/resources\/#primaryimage","url":"https:\/\/www.teacherbuilder.com\/wp-content\/uploads\/2022\/03\/resources-section_1-img_1.png","contentUrl":"https:\/\/www.teacherbuilder.com\/wp-content\/uploads\/2022\/03\/resources-section_1-img_1.png"},{"@type":"WebSite","@id":"https:\/\/www.teacherbuilder.com\/#website","url":"https:\/\/www.teacherbuilder.com\/","name":"Teacher Builder","description":"Online Educator Preparation Program","publisher":{"@id":"https:\/\/www.teacherbuilder.com\/#organization"},"potentialAction":[{"@type":"SearchAction","target":{"@type":"EntryPoint","urlTemplate":"https:\/\/www.teacherbuilder.com\/?s={search_term_string}"},"query-input":{"@type":"PropertyValueSpecification","valueRequired":true,"valueName":"search_term_string"}}],"inLanguage":"es-MX"},{"@type":"Organization","@id":"https:\/\/www.teacherbuilder.com\/#organization","name":"Teacher Builder","url":"https:\/\/www.teacherbuilder.com\/","logo":{"@type":"ImageObject","inLanguage":"es-MX","@id":"https:\/\/www.teacherbuilder.com\/#\/schema\/logo\/image\/","url":"https:\/\/www.teacherbuilder.com\/wp-content\/uploads\/2022\/03\/logo-square.jpg","contentUrl":"https:\/\/www.teacherbuilder.com\/wp-content\/uploads\/2022\/03\/logo-square.jpg","width":260,"height":260,"caption":"Teacher Builder"},"image":{"@id":"https:\/\/www.teacherbuilder.com\/#\/schema\/logo\/image\/"},"sameAs":["https:\/\/www.facebook.com\/teacherbuilderrgv\/","https:\/\/x.com\/TeacherBuildTX","https:\/\/www.instagram.com\/teacherbuilder\/","https:\/\/www.linkedin.com\/company\/teacher-builder-rgv\/","https:\/\/www.youtube.com\/channel\/UCpVZ_MFugbxS7sHnmryLvjQ"]}]}},"_links":{"self":[{"href":"https:\/\/www.teacherbuilder.com\/es\/wp-json\/wp\/v2\/pages\/16433","targetHints":{"allow":["GET"]}}],"collection":[{"href":"https:\/\/www.teacherbuilder.com\/es\/wp-json\/wp\/v2\/pages"}],"about":[{"href":"https:\/\/www.teacherbuilder.com\/es\/wp-json\/wp\/v2\/types\/page"}],"author":[{"embeddable":true,"href":"https:\/\/www.teacherbuilder.com\/es\/wp-json\/wp\/v2\/users\/1"}],"replies":[{"embeddable":true,"href":"https:\/\/www.teacherbuilder.com\/es\/wp-json\/wp\/v2\/comments?post=16433"}],"version-history":[{"count":2,"href":"https:\/\/www.teacherbuilder.com\/es\/wp-json\/wp\/v2\/pages\/16433\/revisions"}],"predecessor-version":[{"id":16438,"href":"https:\/\/www.teacherbuilder.com\/es\/wp-json\/wp\/v2\/pages\/16433\/revisions\/16438"}],"wp:attachment":[{"href":"https:\/\/www.teacherbuilder.com\/es\/wp-json\/wp\/v2\/media?parent=16433"}],"curies":[{"name":"wp","href":"https:\/\/api.w.org\/{rel}","templated":true}]}}