{"id":16449,"date":"2022-02-21T09:25:36","date_gmt":"2022-02-21T09:25:36","guid":{"rendered":"https:\/\/www.teacherbuilder.com\/politica-de-privacidad\/"},"modified":"2024-03-22T15:20:29","modified_gmt":"2024-03-22T15:20:29","slug":"politica-de-privacidad","status":"publish","type":"page","link":"https:\/\/www.teacherbuilder.com\/es\/politica-de-privacidad\/","title":{"rendered":"Pol\u00edtica de privacidad"},"content":{"rendered":"<div class=\"wpb-content-wrapper\"><p>[vc_section el_id=&#8221;page_header&#8221; el_class=&#8221;bg-gradient&#8221;][vc_row css=&#8221;.vc_custom_1647496834971{background-position: center !important;background-repeat: no-repeat !important;background-size: cover !important;}&#8221; el_class=&#8221;hide-bg&#8221;][vc_column][vc_empty_space height=&#8221;60px&#8221;][vc_row_inner el_class=&#8221;row no-padding-vc&#8221;][vc_column_inner][vc_column_text el_class=&#8221;text-center&#8221;]<\/p>\n<h1 class=\"page-heading no-margin-bottom\">Pol\u00edtica de privacidad<\/h1>\n<p>[\/vc_column_text][\/vc_column_inner][\/vc_row_inner][vc_empty_space height=&#8221;60px&#8221;][\/vc_column][\/vc_row][\/vc_section][vc_section][vc_row][vc_column][vc_empty_space height=&#8221;90px&#8221; el_class=&#8221;show-for-large&#8221;][vc_empty_space height=&#8221;45px&#8221; el_class=&#8221;hide-for-large&#8221;][vc_row_inner el_class=&#8221;row no-padding-vc&#8221;][vc_column_inner][vc_column_text el_class=&#8221;large-text-left text-center&#8221;]<\/p>\n<p class=\"big font-medium\">En TeacherBuilder.com, accesible desde <a href=\"https:\/\/www.teacherbuilder.com\/es\/\">https:\/\/www.teacherbuilder.com\/<\/a>, una de nuestras principales prioridades es la privacidad de nuestros visitantes. Este documento de Pol\u00edtica de privacidad contiene los tipos de informaci\u00f3n que recoge y registra TeacherBuilder.com y c\u00f3mo la utilizamos.<\/p>\n<p class=\"big font-medium bottom-buffer-1point5rem\">Si tiene preguntas adicionales o necesita m\u00e1s informaci\u00f3n sobre nuestra Pol\u00edtica de Privacidad, no dude en ponerse en contacto con nosotros a trav\u00e9s del correo electr\u00f3nico <a href=\"mailto:jalvarez@teacherbuilder.net\">jalvarez@teacherbuilder.net<\/a>.<\/p>\n<h3 class=\"bottom-buffer-1point5rem uc\">Archivos de registro<\/h3>\n<p class=\"big font-medium bottom-buffer-1point5rem\">TeacherBuilder.com sigue un procedimiento est\u00e1ndar de uso de archivos de registro. Estos archivos registran a los visitantes cuando visitan los sitios web. Todas las empresas de alojamiento lo hacen y forma parte de los an\u00e1lisis de los servicios de alojamiento. La informaci\u00f3n recogida por los archivos de registro incluye direcciones de protocolo de Internet (IP), tipo de navegador, proveedor de servicios de Internet (ISP), sello de fecha y hora, p\u00e1ginas de referencia\/salida y, posiblemente, el n\u00famero de clics. Estos no est\u00e1n vinculados a ninguna informaci\u00f3n que sea personalmente identificable. La finalidad de la informaci\u00f3n es analizar tendencias, administrar el sitio, seguir los movimientos de los usuarios en el sitio web y recopilar informaci\u00f3n demogr\u00e1fica.<\/p>\n<h3 class=\"bottom-buffer-1point5rem uc\">Cookies y balizas web<\/h3>\n<p class=\"big font-medium bottom-buffer-1point5rem\">Como cualquier otro sitio web, TeacherBuilder.com utiliza &#8220;cookies&#8221;. Estas cookies se utilizan para almacenar informaci\u00f3n, incluidas las preferencias de los visitantes y las p\u00e1ginas del sitio web a las que el visitante accedi\u00f3 o visit\u00f3. La informaci\u00f3n se utiliza para optimizar la experiencia de los usuarios personalizando el contenido de nuestra p\u00e1gina web en funci\u00f3n del tipo de navegador de los visitantes y\/u otra informaci\u00f3n.<\/p>\n<h3 class=\"bottom-buffer-1point5rem uc\">Pol\u00edtica de privacidad<\/h3>\n<p class=\"big font-medium\">Puede consultar esta lista para encontrar la Pol\u00edtica de Privacidad de cada uno de los socios publicitarios de TeacherBuilder.com.<\/p>\n<p class=\"big font-medium\">Los servidores o redes publicitarias de terceros utilizan tecnolog\u00edas como cookies, JavaScript o Web Beacons que se emplean en sus respectivos anuncios y enlaces que aparecen en TeacherBuilder.com y que se env\u00edan directamente al navegador de los usuarios. Cuando esto ocurre, reciben autom\u00e1ticamente su direcci\u00f3n IP. Estas tecnolog\u00edas se utilizan para medir la eficacia de sus campa\u00f1as publicitarias y\/o para personalizar el contenido publicitario que usted ve en los sitios web que visita.<\/p>\n<p class=\"big font-medium bottom-buffer-1point5rem\">Tenga en cuenta que TeacherBuilder.com no tiene acceso ni control sobre estas cookies que son utilizadas por terceros anunciantes.<\/p>\n<h3 class=\"bottom-buffer-1point5rem uc\">Pol\u00edticas de privacidad de terceros<\/h3>\n<p class=\"big font-medium\">La Pol\u00edtica de Privacidad de TeacherBuilder.com no se aplica a otros anunciantes o sitios web. Por lo tanto, le aconsejamos que consulte las respectivas pol\u00edticas de privacidad de estos servidores de anuncios de terceros para obtener informaci\u00f3n m\u00e1s detallada. Puede incluir sus pr\u00e1cticas e instrucciones sobre c\u00f3mo excluirse de ciertas opciones.<\/p>\n<p class=\"big font-medium bottom-buffer-1point5rem\">Puede optar por desactivar las cookies a trav\u00e9s de las opciones individuales de su navegador. Para conocer informaci\u00f3n m\u00e1s detallada sobre la gesti\u00f3n de cookies con navegadores web espec\u00edficos, puede consultar las p\u00e1ginas web respectivas de los navegadores.<\/p>\n<h3 class=\"bottom-buffer-1point5rem uc\">Informaci\u00f3n para ni\u00f1os<\/h3>\n<p class=\"big font-medium\">Otra parte de nuestra prioridad es a\u00f1adir protecci\u00f3n para los ni\u00f1os en el uso de Internet. Animamos a los padres y tutores a que observen, participen y\/o supervisen y gu\u00eden su actividad en Internet.<\/p>\n<p class=\"big font-medium bottom-buffer-1point5rem\">TeacherBuilder.com no recopila conscientemente ninguna Informaci\u00f3n de Identificaci\u00f3n Personal de ni\u00f1os menores de 13 a\u00f1os. Si cree que su hijo ha proporcionado este tipo de informaci\u00f3n en nuestro sitio web, le recomendamos encarecidamente que se ponga en contacto con nosotros inmediatamente y haremos todo lo posible para eliminar r\u00e1pidamente dicha informaci\u00f3n de nuestros registros.<\/p>\n<h3 class=\"bottom-buffer-1point5rem uc\">Pol\u00edtica de privacidad en l\u00ednea<\/h3>\n<p class=\"big font-medium bottom-buffer-1point5rem\">Esta Pol\u00edtica de Privacidad se aplica \u00fanicamente a nuestras actividades en l\u00ednea y es v\u00e1lida para los visitantes de nuestro sitio web en lo que respecta a la informaci\u00f3n que compartieron y\/o recopilaron en TeacherBuilder.com. Esta pol\u00edtica no es aplicable a ninguna informaci\u00f3n recopilada fuera de l\u00ednea o a trav\u00e9s de canales distintos de este sitio web.<\/p>\n<h3>MS Claridad<\/h3>\n<p>Nos asociamos con Microsoft Clarity y Microsoft Advertising para captar c\u00f3mo utiliza e interact\u00faa con nuestro sitio web a trav\u00e9s de m\u00e9tricas de comportamiento, mapas de calor y repetici\u00f3n de sesiones para mejorar y comercializar nuestros productos\/servicios. Los datos de uso del sitio web se recogen utilizando cookies propias y de terceros y otras tecnolog\u00edas de seguimiento para determinar la popularidad de los productos\/servicios y la actividad en l\u00ednea. Adem\u00e1s, utilizamos esta informaci\u00f3n con fines de optimizaci\u00f3n del sitio, fraude\/seguridad y publicidad. Para obtener m\u00e1s informaci\u00f3n sobre c\u00f3mo Microsoft recopila y utiliza sus datos, visite la <a href=\"https:\/\/privacy.microsoft.com\/privacystatement\" data-linktype=\"external\">Declaraci\u00f3n de privacidad de Microsoft<\/a>.<\/p>\n<h3 class=\"bottom-buffer-1point5rem uc\">Consentimiento<\/h3>\n<p class=\"big font-medium\">Al utilizar nuestro sitio web, usted acepta nuestra Pol\u00edtica de Privacidad y est\u00e1 de acuerdo con sus T\u00e9rminos y Condiciones.<\/p>\n<p>[\/vc_column_text][\/vc_column_inner][\/vc_row_inner][vc_empty_space height=&#8221;90px&#8221; el_class=&#8221;show-for-large&#8221;][vc_empty_space height=&#8221;45px&#8221; el_class=&#8221;hide-for-large&#8221;][\/vc_column][\/vc_row][\/vc_section]<\/p>\n<\/div>","protected":false},"excerpt":{"rendered":"<p>[vc_section el_id=&#8221;page_header&#8221; el_class=&#8221;bg-gradient&#8221;][vc_row css=&#8221;.vc_custom_1647496834971{background-position: center !important;background-repeat: no-repeat !important;background-size: cover !important;}&#8221; el_class=&#8221;hide-bg&#8221;][vc_column][vc_empty_space height=&#8221;60px&#8221;][vc_row_inner el_class=&#8221;row no-padding-vc&#8221;][vc_column_inner][vc_column_text el_class=&#8221;text-center&#8221;] Pol\u00edtica de privacidad [\/vc_column_text][\/vc_column_inner][\/vc_row_inner][vc_empty_space height=&#8221;60px&#8221;][\/vc_column][\/vc_row][\/vc_section][vc_section][vc_row][vc_column][vc_empty_space height=&#8221;90px&#8221; el_class=&#8221;show-for-large&#8221;][vc_empty_space height=&#8221;45px&#8221; el_class=&#8221;hide-for-large&#8221;][vc_row_inner el_class=&#8221;row no-padding-vc&#8221;][vc_column_inner][vc_column_text el_class=&#8221;large-text-left text-center&#8221;] En TeacherBuilder.com, accesible desde https:\/\/www.teacherbuilder.com\/, una de nuestras principales prioridades es la privacidad de nuestros visitantes. Este documento de Pol\u00edtica de privacidad contiene los tipos de informaci\u00f3n<a class=\"excerpt-read-more\" href=\"https:\/\/www.teacherbuilder.com\/es\/politica-de-privacidad\/\" title=\"ReadPol\u00edtica de privacidad\">&#8230; Read more &raquo;<\/a><\/p>\n","protected":false},"author":1,"featured_media":0,"parent":0,"menu_order":0,"comment_status":"closed","ping_status":"open","template":"template-visual-builder.php","meta":{"footnotes":""},"class_list":["post-16449","page","type-page","status-publish","hentry"],"yoast_head":"<!-- This site is optimized with the Yoast SEO plugin v26.9 - https:\/\/yoast.com\/product\/yoast-seo-wordpress\/ -->\n<title>Pol\u00edtica de privacidad | Teacher Builder<\/title>\n<meta name=\"description\" content=\"Conoce c\u00f3mo TeacherBuilder protege tu informaci\u00f3n personal.\" \/>\n<meta name=\"robots\" content=\"index, follow, max-snippet:-1, max-image-preview:large, max-video-preview:-1\" \/>\n<link rel=\"canonical\" href=\"https:\/\/www.teacherbuilder.com\/privacy-policy\/\" \/>\n<meta property=\"og:locale\" content=\"es_MX\" \/>\n<meta property=\"og:type\" content=\"article\" \/>\n<meta property=\"og:title\" content=\"Pol\u00edtica de privacidad | Teacher Builder\" \/>\n<meta property=\"og:description\" content=\"Conoce c\u00f3mo TeacherBuilder protege tu informaci\u00f3n personal.\" \/>\n<meta property=\"og:url\" content=\"https:\/\/www.teacherbuilder.com\/privacy-policy\/\" \/>\n<meta property=\"og:site_name\" content=\"Teacher Builder\" \/>\n<meta property=\"article:publisher\" content=\"https:\/\/www.facebook.com\/teacherbuilderrgv\/\" \/>\n<meta property=\"article:modified_time\" content=\"2024-03-22T15:20:29+00:00\" \/>\n<meta name=\"twitter:card\" content=\"summary_large_image\" \/>\n<meta name=\"twitter:site\" content=\"@TeacherBuildTX\" \/>\n<meta name=\"twitter:label1\" content=\"Est. reading time\" \/>\n\t<meta name=\"twitter:data1\" content=\"5 minutes\" \/>\n<script type=\"application\/ld+json\" class=\"yoast-schema-graph\">{\"@context\":\"https:\/\/schema.org\",\"@graph\":[{\"@type\":\"WebPage\",\"@id\":\"https:\/\/www.teacherbuilder.com\/privacy-policy\/\",\"url\":\"https:\/\/www.teacherbuilder.com\/privacy-policy\/\",\"name\":\"Pol\u00edtica de privacidad | Teacher Builder\",\"isPartOf\":{\"@id\":\"https:\/\/www.teacherbuilder.com\/#website\"},\"datePublished\":\"2022-02-21T09:25:36+00:00\",\"dateModified\":\"2024-03-22T15:20:29+00:00\",\"description\":\"Conoce c\u00f3mo TeacherBuilder protege tu informaci\u00f3n personal.\",\"inLanguage\":\"es-MX\",\"potentialAction\":[{\"@type\":\"ReadAction\",\"target\":[\"https:\/\/www.teacherbuilder.com\/privacy-policy\/\"]}]},{\"@type\":\"WebSite\",\"@id\":\"https:\/\/www.teacherbuilder.com\/#website\",\"url\":\"https:\/\/www.teacherbuilder.com\/\",\"name\":\"Teacher Builder\",\"description\":\"Online Educator Preparation Program\",\"publisher\":{\"@id\":\"https:\/\/www.teacherbuilder.com\/#organization\"},\"potentialAction\":[{\"@type\":\"SearchAction\",\"target\":{\"@type\":\"EntryPoint\",\"urlTemplate\":\"https:\/\/www.teacherbuilder.com\/?s={search_term_string}\"},\"query-input\":{\"@type\":\"PropertyValueSpecification\",\"valueRequired\":true,\"valueName\":\"search_term_string\"}}],\"inLanguage\":\"es-MX\"},{\"@type\":\"Organization\",\"@id\":\"https:\/\/www.teacherbuilder.com\/#organization\",\"name\":\"Teacher Builder\",\"url\":\"https:\/\/www.teacherbuilder.com\/\",\"logo\":{\"@type\":\"ImageObject\",\"inLanguage\":\"es-MX\",\"@id\":\"https:\/\/www.teacherbuilder.com\/#\/schema\/logo\/image\/\",\"url\":\"https:\/\/www.teacherbuilder.com\/wp-content\/uploads\/2022\/03\/logo-square.jpg\",\"contentUrl\":\"https:\/\/www.teacherbuilder.com\/wp-content\/uploads\/2022\/03\/logo-square.jpg\",\"width\":260,\"height\":260,\"caption\":\"Teacher Builder\"},\"image\":{\"@id\":\"https:\/\/www.teacherbuilder.com\/#\/schema\/logo\/image\/\"},\"sameAs\":[\"https:\/\/www.facebook.com\/teacherbuilderrgv\/\",\"https:\/\/x.com\/TeacherBuildTX\",\"https:\/\/www.instagram.com\/teacherbuilder\/\",\"https:\/\/www.linkedin.com\/company\/teacher-builder-rgv\/\",\"https:\/\/www.youtube.com\/channel\/UCpVZ_MFugbxS7sHnmryLvjQ\"]}]}<\/script>\n<!-- \/ Yoast SEO plugin. -->","yoast_head_json":{"title":"Pol\u00edtica de privacidad | Teacher Builder","description":"Conoce c\u00f3mo TeacherBuilder protege tu informaci\u00f3n personal.","robots":{"index":"index","follow":"follow","max-snippet":"max-snippet:-1","max-image-preview":"max-image-preview:large","max-video-preview":"max-video-preview:-1"},"canonical":"https:\/\/www.teacherbuilder.com\/privacy-policy\/","og_locale":"es_MX","og_type":"article","og_title":"Pol\u00edtica de privacidad | Teacher Builder","og_description":"Conoce c\u00f3mo TeacherBuilder protege tu informaci\u00f3n personal.","og_url":"https:\/\/www.teacherbuilder.com\/privacy-policy\/","og_site_name":"Teacher Builder","article_publisher":"https:\/\/www.facebook.com\/teacherbuilderrgv\/","article_modified_time":"2024-03-22T15:20:29+00:00","twitter_card":"summary_large_image","twitter_site":"@TeacherBuildTX","twitter_misc":{"Est. reading time":"5 minutes"},"schema":{"@context":"https:\/\/schema.org","@graph":[{"@type":"WebPage","@id":"https:\/\/www.teacherbuilder.com\/privacy-policy\/","url":"https:\/\/www.teacherbuilder.com\/privacy-policy\/","name":"Pol\u00edtica de privacidad | Teacher Builder","isPartOf":{"@id":"https:\/\/www.teacherbuilder.com\/#website"},"datePublished":"2022-02-21T09:25:36+00:00","dateModified":"2024-03-22T15:20:29+00:00","description":"Conoce c\u00f3mo TeacherBuilder protege tu informaci\u00f3n personal.","inLanguage":"es-MX","potentialAction":[{"@type":"ReadAction","target":["https:\/\/www.teacherbuilder.com\/privacy-policy\/"]}]},{"@type":"WebSite","@id":"https:\/\/www.teacherbuilder.com\/#website","url":"https:\/\/www.teacherbuilder.com\/","name":"Teacher Builder","description":"Online Educator Preparation Program","publisher":{"@id":"https:\/\/www.teacherbuilder.com\/#organization"},"potentialAction":[{"@type":"SearchAction","target":{"@type":"EntryPoint","urlTemplate":"https:\/\/www.teacherbuilder.com\/?s={search_term_string}"},"query-input":{"@type":"PropertyValueSpecification","valueRequired":true,"valueName":"search_term_string"}}],"inLanguage":"es-MX"},{"@type":"Organization","@id":"https:\/\/www.teacherbuilder.com\/#organization","name":"Teacher Builder","url":"https:\/\/www.teacherbuilder.com\/","logo":{"@type":"ImageObject","inLanguage":"es-MX","@id":"https:\/\/www.teacherbuilder.com\/#\/schema\/logo\/image\/","url":"https:\/\/www.teacherbuilder.com\/wp-content\/uploads\/2022\/03\/logo-square.jpg","contentUrl":"https:\/\/www.teacherbuilder.com\/wp-content\/uploads\/2022\/03\/logo-square.jpg","width":260,"height":260,"caption":"Teacher Builder"},"image":{"@id":"https:\/\/www.teacherbuilder.com\/#\/schema\/logo\/image\/"},"sameAs":["https:\/\/www.facebook.com\/teacherbuilderrgv\/","https:\/\/x.com\/TeacherBuildTX","https:\/\/www.instagram.com\/teacherbuilder\/","https:\/\/www.linkedin.com\/company\/teacher-builder-rgv\/","https:\/\/www.youtube.com\/channel\/UCpVZ_MFugbxS7sHnmryLvjQ"]}]}},"_links":{"self":[{"href":"https:\/\/www.teacherbuilder.com\/es\/wp-json\/wp\/v2\/pages\/16449","targetHints":{"allow":["GET"]}}],"collection":[{"href":"https:\/\/www.teacherbuilder.com\/es\/wp-json\/wp\/v2\/pages"}],"about":[{"href":"https:\/\/www.teacherbuilder.com\/es\/wp-json\/wp\/v2\/types\/page"}],"author":[{"embeddable":true,"href":"https:\/\/www.teacherbuilder.com\/es\/wp-json\/wp\/v2\/users\/1"}],"replies":[{"embeddable":true,"href":"https:\/\/www.teacherbuilder.com\/es\/wp-json\/wp\/v2\/comments?post=16449"}],"version-history":[{"count":4,"href":"https:\/\/www.teacherbuilder.com\/es\/wp-json\/wp\/v2\/pages\/16449\/revisions"}],"predecessor-version":[{"id":28288,"href":"https:\/\/www.teacherbuilder.com\/es\/wp-json\/wp\/v2\/pages\/16449\/revisions\/28288"}],"wp:attachment":[{"href":"https:\/\/www.teacherbuilder.com\/es\/wp-json\/wp\/v2\/media?parent=16449"}],"curies":[{"name":"wp","href":"https:\/\/api.w.org\/{rel}","templated":true}]}}