{"id":16459,"date":"2022-03-16T18:36:07","date_gmt":"2022-03-16T18:36:07","guid":{"rendered":"https:\/\/www.teacherbuilder.com\/politica-de-reclamaciones-formales\/"},"modified":"2023-07-21T18:58:26","modified_gmt":"2023-07-21T18:58:26","slug":"politica-de-reclamaciones-formales","status":"publish","type":"page","link":"https:\/\/www.teacherbuilder.com\/es\/politica-de-reclamaciones-formales\/","title":{"rendered":"Pol\u00edtica de reclamaciones formales"},"content":{"rendered":"<div class=\"wpb-content-wrapper\"><p>[vc_section el_id=&#8221;formal_complaint_policy-section_1&#8243; el_class=&#8221;bg-gradient&#8221;][vc_row][vc_column][vc_empty_space height=&#8221;60px&#8221;][vc_row_inner el_class=&#8221;row no-padding-vc&#8221;][vc_column_inner][vc_column_text el_class=&#8221;text-center&#8221;]<\/p>\n<h1 class=\"page-heading no-margin-bottom\">Pol\u00edtica de reclamaciones formales<\/h1>\n<p>[\/vc_column_text][\/vc_column_inner][\/vc_row_inner][vc_empty_space height=&#8221;60px&#8221;][\/vc_column][\/vc_row][\/vc_section][vc_section el_id=&#8221;formal_complaint_policy-section_2&#8243;][vc_row][vc_column][vc_empty_space height=&#8221;90px&#8221; el_class=&#8221;show-for-large&#8221;][vc_empty_space height=&#8221;45px&#8221; el_class=&#8221;hide-for-large&#8221;][vc_row_inner el_class=&#8221;row no-padding-vc&#8221;][vc_column_inner][vc_column_text el_class=&#8221;text-center large-text-left&#8221;]<\/p>\n<h3 class=\"bottom-buffer-1point5rem uc\">Quejas<\/h3>\n<p class=\"big font-medium bottom-buffer-1point5rem\">En esta pol\u00edtica, los t\u00e9rminos &#8220;queja&#8221; y &#8220;reclamaci\u00f3n&#8221; tendr\u00e1n el mismo significado.<\/p>\n<h3 class=\"bottom-buffer-1point5rem uc\">Principios rectores<\/h3>\n<p class=\"big font-medium bottom-buffer-1point5rem\"><a href=\"https:\/\/www.teacherbuilder.com\/es\/\">teacherbuilder.com<\/a> anima a los becarios a discutir sus preocupaciones y quejas a trav\u00e9s de conferencias informales con el personal de su programa.<\/p>\n<h3 class=\"bottom-buffer-1point5rem uc\">Proceso informal<\/h3>\n<p class=\"big font-medium bottom-buffer-1point5rem\">Las preocupaciones deben expresarse lo antes posible para permitir una pronta resoluci\u00f3n al nivel administrativo m\u00e1s bajo posible.<\/p>\n<h3 class=\"bottom-buffer-1point5rem uc\">PROCESO FORMAL<\/h3>\n<p class=\"big font-medium bottom-buffer-1point5rem\">Si una conferencia informal relativa a una queja no alcanza el resultado solicitado por el candidato, \u00e9ste podr\u00e1 iniciar el proceso formal que se describe a continuaci\u00f3n presentando oportunamente un formulario de queja por escrito.<br \/>\nIncluso despu\u00e9s de iniciar el proceso formal de reclamaci\u00f3n, se anima al candidato a buscar una soluci\u00f3n informal a sus problemas. Un candidato, cuyas dudas se hayan resuelto, puede retirar una queja formal en cualquier momento.<\/p>\n<h3 class=\"bottom-buffer-1point5rem uc\">Disposiciones generales ARCHIVO<\/h3>\n<p class=\"big font-medium bottom-buffer-1point5rem\">Los formularios de queja y las notificaciones de recurso pueden entregarse en mano, por correo electr\u00f3nico, fax o correo postal. Los expedientes entregados en mano se considerar\u00e1n presentados a tiempo si los recibe el administrador correspondiente o la persona designada antes del cierre de las oficinas en la fecha l\u00edmite. Los correos electr\u00f3nicos se presentar\u00e1n dentro de plazo si se marcan con fecha y hora en la fecha l\u00edmite o antes. Los env\u00edos por fax se considerar\u00e1n presentados dentro de plazo si se reciben en la fecha y hora indicadas en la copia del fax. Las presentaciones por correo se considerar\u00e1n presentadas a tiempo si llevan matasellos del correo de EE.UU. en la fecha l\u00edmite y son recibidas por el administrador correspondiente o el representante designado no m\u00e1s de tres d\u00edas despu\u00e9s de la fecha l\u00edmite.<\/p>\n<h3 class=\"bottom-buffer-1point5rem uc\">RESPUESTA<\/h3>\n<p class=\"big font-medium bottom-buffer-1point5rem\">En los Niveles Uno y Dos, se entender\u00e1 por &#8220;respuesta&#8221; una comunicaci\u00f3n escrita al candidato por parte del personal del PPE correspondiente. Las respuestas pueden entregarse en mano o enviarse por correo postal de EE.UU. o por correo electr\u00f3nico a la direcci\u00f3n de correo electr\u00f3nico o postal registrada del candidato. Las respuestas enviadas por correo ser\u00e1n puntuales si est\u00e1n mataselladas por el correo de EE.UU. en la fecha l\u00edmite y son recibidas por el candidato no m\u00e1s de tres d\u00edas despu\u00e9s de la fecha l\u00edmite de respuesta.<\/p>\n<h3 class=\"bottom-buffer-1point5rem uc\">D\u00cdAS<\/h3>\n<p class=\"big font-medium bottom-buffer-1point5rem\">Por &#8220;d\u00edas&#8221; se entender\u00e1 los d\u00edas h\u00e1biles del programa. Para calcular los plazos en virtud de esta pol\u00edtica, el d\u00eda en que se presenta un documento es el &#8220;d\u00eda cero&#8221;, y todos los plazos se determinar\u00e1n contando el d\u00eda siguiente como &#8220;d\u00eda uno&#8221;.<\/p>\n<h3 class=\"bottom-buffer-1point5rem uc\">DISPOSICIONES GENERALES<\/h3>\n<p class=\"big font-medium bottom-buffer-1point5rem\">Las reclamaciones derivadas de un suceso o de una serie de sucesos relacionados se tratar\u00e1n en una sola reclamaci\u00f3n. Los candidatos no podr\u00e1n presentar reclamaciones separadas o en serie derivadas de cualquier hecho o serie de hechos que hayan sido o pudieran haber sido abordados en una reclamaci\u00f3n anterior.<br \/>\nCuando dos o m\u00e1s reclamaciones sean lo suficientemente similares en cuanto a su naturaleza y a la soluci\u00f3n solicitada como para permitir su resoluci\u00f3n mediante un \u00fanico procedimiento, el programa podr\u00e1 unificar las reclamaciones.<\/p>\n<h3 class=\"bottom-buffer-1point5rem uc\">PRESENTACIONES EXTEMPOR\u00c1NEAS<\/h3>\n<p class=\"big font-medium bottom-buffer-1point5rem\">Se respetar\u00e1n estrictamente todos los plazos, salvo que se modifiquen de mutuo acuerdo por escrito.<br \/>\nSi no se presenta a tiempo un formulario de queja o una notificaci\u00f3n de recurso, la queja podr\u00e1 ser desestimada, previa notificaci\u00f3n por escrito al candidato, en cualquier momento del proceso de queja. El candidato puede recurrir la desestimaci\u00f3n solicitando una revisi\u00f3n por escrito en un plazo de diez d\u00edas laborables, a partir del nivel en el que se desestim\u00f3 la reclamaci\u00f3n. Dicho recurso se limitar\u00e1 a la cuesti\u00f3n de la oportunidad.<\/p>\n<h3 class=\"bottom-buffer-1point5rem uc\">GASTOS INCURRIDOS<\/h3>\n<p class=\"big font-medium bottom-buffer-1point5rem\">Cada parte pagar\u00e1 las costas en que haya incurrido en el curso de la demanda.<\/p>\n<h3 class=\"bottom-buffer-1point5rem uc\">FORMULARIO DE DENUNCIA<\/h3>\n<p class=\"big font-medium bottom-buffer-1point5rem\">Las quejas en virtud de esta pol\u00edtica se presentar\u00e1n por escrito en un formulario facilitado por el programa.<br \/>\nDeber\u00e1n adjuntarse al formulario copias de todos los documentos que justifiquen la denuncia. Si el candidato no dispone de copias de estos documentos, podr\u00e1 presentarse en la conferencia de Nivel Uno. Despu\u00e9s de la conferencia de Nivel Uno, no se podr\u00e1n presentar nuevos documentos a menos que el candidato no supiera que los documentos exist\u00edan antes de la conferencia de Nivel Uno.<br \/>\nUn formulario de denuncia que est\u00e9 incompleto en cualquier aspecto material puede ser desestimado, pero puede volver a presentarse con toda la informaci\u00f3n solicitada si la nueva presentaci\u00f3n se realiza dentro del plazo designado para presentar una denuncia.<\/p>\n<h3 class=\"bottom-buffer-1point5rem uc\">grabaci\u00f3n de audio<\/h3>\n<p class=\"big font-medium bottom-buffer-1point5rem\">Seg\u00fan lo dispuesto por la ley, se permitir\u00e1 a un candidato realizar una grabaci\u00f3n de audio de una conferencia en virtud de esta pol\u00edtica en la que se discuta el fondo de la queja del candidato. El candidato notificar\u00e1 a todos los asistentes presentes que se est\u00e1 realizando una grabaci\u00f3n de audio.<\/p>\n<h3 class=\"bottom-buffer-1point5rem uc\">NIVEL UNO<\/h3>\n<p class=\"big font-medium\">Deben presentarse formularios de denuncia:<\/p>\n<ol>\n<li>En el plazo de 15 d\u00edas a partir de la fecha en que el candidato tuvo conocimiento por primera vez, o deber\u00eda haber tenido conocimiento con diligencia razonable, de la decisi\u00f3n o acci\u00f3n que dio lugar a la queja o reclamaci\u00f3n; y<\/li>\n<li>Con el superior directo.<\/li>\n<\/ol>\n<p class=\"big font-medium bottom-buffer-1point5rem\">El superior jer\u00e1rquico directo celebrar\u00e1 una conferencia con el candidato en el plazo de diez d\u00edas a partir de la recepci\u00f3n de la reclamaci\u00f3n por escrito.<br \/>\nEl supervisor directo dispondr\u00e1 de diez d\u00edas tras la conferencia para proporcionar al candidato una respuesta por escrito.<\/p>\n<h3 class=\"bottom-buffer-1point5rem uc\">NIVEL DOS<\/h3>\n<p class=\"big font-medium\">Si el candidato no ha recibido la reparaci\u00f3n solicitada en el Nivel Uno o si ha expirado el plazo para una respuesta, el candidato puede apelar la decisi\u00f3n ante la autoridad legal del programa.<\/p>\n<p class=\"big font-medium\">La notificaci\u00f3n de recurso debe presentarse por escrito, en un formulario facilitado por el programa, en un plazo de diez d\u00edas tras la recepci\u00f3n de una respuesta o, si no se ha recibido respuesta, en un plazo de diez d\u00edas a partir de la fecha l\u00edmite de respuesta en el Nivel Uno.<\/p>\n<p class=\"big font-medium\">La autoridad legal del programa o la persona designada informar\u00e1 al candidato de la fecha, hora y lugar de la reuni\u00f3n en la que se debatir\u00e1 la queja.<\/p>\n<p class=\"big font-medium\">El supervisor directo proporcionar\u00e1 a la autoridad legal del programa copias del formulario de queja, la respuesta en el Nivel Uno, la notificaci\u00f3n de apelaci\u00f3n y toda la documentaci\u00f3n escrita presentada previamente por el candidato. La autoridad legal del programa considerar\u00e1 \u00fanicamente las cuestiones y documentos presentados en el nivel precedente e identificados en el aviso de apelaci\u00f3n.<\/p>\n<p class=\"big font-medium\">La autoridad legal del programa debe notificar por escrito la decisi\u00f3n al candidato.<\/p>\n<p class=\"big font-medium\">El EPP debe conservar la informaci\u00f3n relativa a la denuncia durante un m\u00ednimo de tres a\u00f1os.<\/p>\n<p class=\"big font-medium bottom-buffer-1point5rem\">Despu\u00e9s de que el candidato haya agotado todos los intentos a nivel del programa para resolver una queja ocurrida en los \u00faltimos dos a\u00f1os y no haya recibido la reparaci\u00f3n solicitada, se puede obtener informaci\u00f3n sobre c\u00f3mo presentar una queja ante la TEA en el EPP mediante informaci\u00f3n publicada en sus instalaciones f\u00edsicas, en su sitio web o, previa solicitud, instrucciones por escrito.<\/p>\n<h3 class=\"bottom-buffer-1point5rem uc\">NIVEL TRES<\/h3>\n<p class=\"big font-medium\">El proceso oficial de quejas de la TEA puede consultarse en <a href=\"https:\/\/tea.texas.gov\/Texas_Educators\/Preparation_and_Continuing_Education\/Complaints_Against_Educator_Preparation_Programs\/\" target=\"_blank\" rel=\"noopener\" data-saferedirecturl=\"https:\/\/www.google.com\/url?q=https:\/\/tea.texas.gov\/Texas_Educators\/Preparation_and_Continuing_Education\/Complaints_Against_Educator_Preparation_Programs\/&amp;source=gmail&amp;ust=1561823918176000&amp;usg=AFQjCNEV_Z2iQxME1xXr4IM09bAtrg3nMw\">https:\/\/tea.texas.gov\/Texas_<wbr><\/wbr>Educators\/Preparation_and_<wbr><\/wbr>Continuing_Education\/<wbr><\/wbr>Complaints_Against_Educator_<wbr><\/wbr>Preparation_Programs\/<\/a>.<\/p>\n<p class=\"big font-medium\">El proceso de quejas permite que un solicitante o un candidato a un programa de preparaci\u00f3n de educadores busque reparaci\u00f3n en \u00e1reas en las que considera que el programa no cumpli\u00f3 los requisitos para la certificaci\u00f3n o por acciones que el candidato considera incorrectas. Los programas de preparaci\u00f3n de educadores tambi\u00e9n pueden presentar una queja sobre las acciones de otros programas cuando se trata de un candidato que se transfiere a un programa.<\/p>\n<p class=\"big font-medium\">No todas las denuncias son competencia de TEA. TEA tiene jurisdicci\u00f3n para investigar denuncias de incumplimiento de leyes y normas espec\u00edficas, generalmente relacionadas con requisitos estatales y federales. Las reclamaciones pueden referirse a los requisitos de los programas de preparaci\u00f3n de educadores enumerados en el C\u00f3digo Administrativo de Texas (TAC) en los cap\u00edtulos 227, 228, 229, \u00e9tica (TAC 247), toma de huellas dactilares (TAC \u00a7\u00a7227,232) y certificaci\u00f3n (TAC \u00a7\u00a7230, 231, 232, 239, 241, 242).<\/p>\n<p class=\"big font-medium\">Todas las quejas presentadas ante la AET deben hacerse por escrito. No aceptamos quejas por tel\u00e9fono ni quejas que se presenten de forma an\u00f3nima. Una persona o entidad puede presentar una queja por escrito a TEA rellenando el formulario de quejas que se encuentra en el enlace anterior o enviando por correo o fax una copia impresa a la direcci\u00f3n que figura en el formulario. Puede enviar su propuesta por fax al (512) 463-9008 o por correo electr\u00f3nico a <a href=\"mailto:generalinquiry@tea.texas.gov\" target=\"_blank\" rel=\"noopener\">generalinquiry@tea.texas.gov.<\/a><\/p>\n<p class=\"big font-medium\">Para examinar y tramitar adecuadamente una queja, TEA necesita detalles espec\u00edficos. Debemos ser capaces de identificar una violaci\u00f3n clara del TAC y determinar si la agencia tiene autoridad para actuar sobre la alegaci\u00f3n.<\/p>\n<p class=\"big font-medium\">Las quejas presentadas deben incluir lo siguiente:<\/p>\n<ul>\n<li>Las razones por las que cree que las cuestiones planteadas en su queja son v\u00e1lidas. Tambi\u00e9n debe indicar c\u00f3mo cree que TEA puede ayudarle con este asunto. Recuerde que TEA no puede ayudarlo a comprender su acuerdo contractual con el programa de preparaci\u00f3n de educadores, organizar un reembolso, obtener una calificaci\u00f3n m\u00e1s alta o cr\u00e9dito por capacitaci\u00f3n, o buscar la reincorporaci\u00f3n a un programa de preparaci\u00f3n de educadores.<\/li>\n<li>Documentaci\u00f3n que respalde su reclamaci\u00f3n cuando sea posible. Por ejemplo, si en su queja hace referencia a la pol\u00edtica de un programa de preparaci\u00f3n de educadores, incluya una copia de la pol\u00edtica con su queja. La documentaci\u00f3n \u00fatil puede incluir cartas o correos electr\u00f3nicos intercambiados entre las partes.<\/li>\n<\/ul>\n<p>El personal de la Agencia de Educaci\u00f3n de Texas enviar\u00e1 la confirmaci\u00f3n de una queja en un plazo de 30 d\u00edas a partir de la recepci\u00f3n de la presentaci\u00f3n. Recuerde que la informaci\u00f3n que el p\u00fablico env\u00eda a TEA por correo electr\u00f3nico puede no ser segura. No env\u00ede informaci\u00f3n confidencial por correo electr\u00f3nico a TEA. La agencia eliminar\u00e1 la informaci\u00f3n confidencial o sensible cuando responda por correo electr\u00f3nico. TEA mantendr\u00e1 la confidencialidad de la informaci\u00f3n en la medida en que la ley lo permita.<\/p>\n<p><strong>C\u00d3DIGO ADMINISTRATIVO DE TEXAS \u00a7228. 70<\/strong>[\/vc_column_text][\/vc_column_inner][\/vc_row_inner][vc_empty_space height=&#8221;90px&#8221; el_class=&#8221;show-for-large&#8221;][vc_empty_space height=&#8221;45px&#8221; el_class=&#8221;hide-for-large&#8221;][\/vc_column][\/vc_row][\/vc_section]<\/p>\n<\/div>","protected":false},"excerpt":{"rendered":"<p>[vc_section el_id=&#8221;formal_complaint_policy-section_1&#8243; el_class=&#8221;bg-gradient&#8221;][vc_row][vc_column][vc_empty_space height=&#8221;60px&#8221;][vc_row_inner el_class=&#8221;row no-padding-vc&#8221;][vc_column_inner][vc_column_text el_class=&#8221;text-center&#8221;] Pol\u00edtica de reclamaciones formales [\/vc_column_text][\/vc_column_inner][\/vc_row_inner][vc_empty_space height=&#8221;60px&#8221;][\/vc_column][\/vc_row][\/vc_section][vc_section el_id=&#8221;formal_complaint_policy-section_2&#8243;][vc_row][vc_column][vc_empty_space height=&#8221;90px&#8221; el_class=&#8221;show-for-large&#8221;][vc_empty_space height=&#8221;45px&#8221; el_class=&#8221;hide-for-large&#8221;][vc_row_inner el_class=&#8221;row no-padding-vc&#8221;][vc_column_inner][vc_column_text el_class=&#8221;text-center large-text-left&#8221;] Quejas En esta pol\u00edtica, los t\u00e9rminos &#8220;queja&#8221; y &#8220;reclamaci\u00f3n&#8221; tendr\u00e1n el mismo significado. Principios rectores teacherbuilder.com anima a los becarios a discutir sus preocupaciones y quejas a trav\u00e9s de conferencias informales con el<a class=\"excerpt-read-more\" href=\"https:\/\/www.teacherbuilder.com\/es\/politica-de-reclamaciones-formales\/\" title=\"ReadPol\u00edtica de reclamaciones formales\">&#8230; Read more &raquo;<\/a><\/p>\n","protected":false},"author":1,"featured_media":0,"parent":0,"menu_order":0,"comment_status":"closed","ping_status":"closed","template":"template-visual-builder.php","meta":{"footnotes":""},"class_list":["post-16459","page","type-page","status-publish","hentry"],"yoast_head":"<!-- This site is optimized with the Yoast SEO plugin v26.9 - https:\/\/yoast.com\/product\/yoast-seo-wordpress\/ -->\n<title>Pol\u00edtica de reclamaciones formales | Teacher Builder<\/title>\n<meta name=\"description\" content=\"Revisa la pol\u00edtica de reclamaciones formales de TeacherBuilder.\" \/>\n<meta name=\"robots\" content=\"index, follow, max-snippet:-1, max-image-preview:large, max-video-preview:-1\" \/>\n<link rel=\"canonical\" href=\"https:\/\/www.teacherbuilder.com\/formal-complaint-policy\/\" \/>\n<meta property=\"og:locale\" content=\"es_MX\" \/>\n<meta property=\"og:type\" content=\"article\" \/>\n<meta property=\"og:title\" content=\"Pol\u00edtica de reclamaciones formales | Teacher Builder\" \/>\n<meta property=\"og:description\" content=\"Revisa la pol\u00edtica de reclamaciones formales de TeacherBuilder.\" \/>\n<meta property=\"og:url\" content=\"https:\/\/www.teacherbuilder.com\/formal-complaint-policy\/\" \/>\n<meta property=\"og:site_name\" content=\"Teacher Builder\" \/>\n<meta property=\"article:publisher\" content=\"https:\/\/www.facebook.com\/teacherbuilderrgv\/\" \/>\n<meta property=\"article:modified_time\" content=\"2023-07-21T18:58:26+00:00\" \/>\n<meta name=\"twitter:card\" content=\"summary_large_image\" \/>\n<meta name=\"twitter:site\" content=\"@TeacherBuildTX\" \/>\n<meta name=\"twitter:label1\" content=\"Est. reading time\" \/>\n\t<meta name=\"twitter:data1\" content=\"10 minutes\" \/>\n<script type=\"application\/ld+json\" class=\"yoast-schema-graph\">{\"@context\":\"https:\/\/schema.org\",\"@graph\":[{\"@type\":\"WebPage\",\"@id\":\"https:\/\/www.teacherbuilder.com\/formal-complaint-policy\/\",\"url\":\"https:\/\/www.teacherbuilder.com\/formal-complaint-policy\/\",\"name\":\"Pol\u00edtica de reclamaciones formales | Teacher Builder\",\"isPartOf\":{\"@id\":\"https:\/\/www.teacherbuilder.com\/#website\"},\"datePublished\":\"2022-03-16T18:36:07+00:00\",\"dateModified\":\"2023-07-21T18:58:26+00:00\",\"description\":\"Revisa la pol\u00edtica de reclamaciones formales de TeacherBuilder.\",\"inLanguage\":\"es-MX\",\"potentialAction\":[{\"@type\":\"ReadAction\",\"target\":[\"https:\/\/www.teacherbuilder.com\/formal-complaint-policy\/\"]}]},{\"@type\":\"WebSite\",\"@id\":\"https:\/\/www.teacherbuilder.com\/#website\",\"url\":\"https:\/\/www.teacherbuilder.com\/\",\"name\":\"Teacher Builder\",\"description\":\"Online Educator Preparation Program\",\"publisher\":{\"@id\":\"https:\/\/www.teacherbuilder.com\/#organization\"},\"potentialAction\":[{\"@type\":\"SearchAction\",\"target\":{\"@type\":\"EntryPoint\",\"urlTemplate\":\"https:\/\/www.teacherbuilder.com\/?s={search_term_string}\"},\"query-input\":{\"@type\":\"PropertyValueSpecification\",\"valueRequired\":true,\"valueName\":\"search_term_string\"}}],\"inLanguage\":\"es-MX\"},{\"@type\":\"Organization\",\"@id\":\"https:\/\/www.teacherbuilder.com\/#organization\",\"name\":\"Teacher Builder\",\"url\":\"https:\/\/www.teacherbuilder.com\/\",\"logo\":{\"@type\":\"ImageObject\",\"inLanguage\":\"es-MX\",\"@id\":\"https:\/\/www.teacherbuilder.com\/#\/schema\/logo\/image\/\",\"url\":\"https:\/\/www.teacherbuilder.com\/wp-content\/uploads\/2022\/03\/logo-square.jpg\",\"contentUrl\":\"https:\/\/www.teacherbuilder.com\/wp-content\/uploads\/2022\/03\/logo-square.jpg\",\"width\":260,\"height\":260,\"caption\":\"Teacher Builder\"},\"image\":{\"@id\":\"https:\/\/www.teacherbuilder.com\/#\/schema\/logo\/image\/\"},\"sameAs\":[\"https:\/\/www.facebook.com\/teacherbuilderrgv\/\",\"https:\/\/x.com\/TeacherBuildTX\",\"https:\/\/www.instagram.com\/teacherbuilder\/\",\"https:\/\/www.linkedin.com\/company\/teacher-builder-rgv\/\",\"https:\/\/www.youtube.com\/channel\/UCpVZ_MFugbxS7sHnmryLvjQ\"]}]}<\/script>\n<!-- \/ Yoast SEO plugin. -->","yoast_head_json":{"title":"Pol\u00edtica de reclamaciones formales | Teacher Builder","description":"Revisa la pol\u00edtica de reclamaciones formales de TeacherBuilder.","robots":{"index":"index","follow":"follow","max-snippet":"max-snippet:-1","max-image-preview":"max-image-preview:large","max-video-preview":"max-video-preview:-1"},"canonical":"https:\/\/www.teacherbuilder.com\/formal-complaint-policy\/","og_locale":"es_MX","og_type":"article","og_title":"Pol\u00edtica de reclamaciones formales | Teacher Builder","og_description":"Revisa la pol\u00edtica de reclamaciones formales de TeacherBuilder.","og_url":"https:\/\/www.teacherbuilder.com\/formal-complaint-policy\/","og_site_name":"Teacher Builder","article_publisher":"https:\/\/www.facebook.com\/teacherbuilderrgv\/","article_modified_time":"2023-07-21T18:58:26+00:00","twitter_card":"summary_large_image","twitter_site":"@TeacherBuildTX","twitter_misc":{"Est. reading time":"10 minutes"},"schema":{"@context":"https:\/\/schema.org","@graph":[{"@type":"WebPage","@id":"https:\/\/www.teacherbuilder.com\/formal-complaint-policy\/","url":"https:\/\/www.teacherbuilder.com\/formal-complaint-policy\/","name":"Pol\u00edtica de reclamaciones formales | Teacher Builder","isPartOf":{"@id":"https:\/\/www.teacherbuilder.com\/#website"},"datePublished":"2022-03-16T18:36:07+00:00","dateModified":"2023-07-21T18:58:26+00:00","description":"Revisa la pol\u00edtica de reclamaciones formales de TeacherBuilder.","inLanguage":"es-MX","potentialAction":[{"@type":"ReadAction","target":["https:\/\/www.teacherbuilder.com\/formal-complaint-policy\/"]}]},{"@type":"WebSite","@id":"https:\/\/www.teacherbuilder.com\/#website","url":"https:\/\/www.teacherbuilder.com\/","name":"Teacher Builder","description":"Online Educator Preparation Program","publisher":{"@id":"https:\/\/www.teacherbuilder.com\/#organization"},"potentialAction":[{"@type":"SearchAction","target":{"@type":"EntryPoint","urlTemplate":"https:\/\/www.teacherbuilder.com\/?s={search_term_string}"},"query-input":{"@type":"PropertyValueSpecification","valueRequired":true,"valueName":"search_term_string"}}],"inLanguage":"es-MX"},{"@type":"Organization","@id":"https:\/\/www.teacherbuilder.com\/#organization","name":"Teacher Builder","url":"https:\/\/www.teacherbuilder.com\/","logo":{"@type":"ImageObject","inLanguage":"es-MX","@id":"https:\/\/www.teacherbuilder.com\/#\/schema\/logo\/image\/","url":"https:\/\/www.teacherbuilder.com\/wp-content\/uploads\/2022\/03\/logo-square.jpg","contentUrl":"https:\/\/www.teacherbuilder.com\/wp-content\/uploads\/2022\/03\/logo-square.jpg","width":260,"height":260,"caption":"Teacher Builder"},"image":{"@id":"https:\/\/www.teacherbuilder.com\/#\/schema\/logo\/image\/"},"sameAs":["https:\/\/www.facebook.com\/teacherbuilderrgv\/","https:\/\/x.com\/TeacherBuildTX","https:\/\/www.instagram.com\/teacherbuilder\/","https:\/\/www.linkedin.com\/company\/teacher-builder-rgv\/","https:\/\/www.youtube.com\/channel\/UCpVZ_MFugbxS7sHnmryLvjQ"]}]}},"_links":{"self":[{"href":"https:\/\/www.teacherbuilder.com\/es\/wp-json\/wp\/v2\/pages\/16459","targetHints":{"allow":["GET"]}}],"collection":[{"href":"https:\/\/www.teacherbuilder.com\/es\/wp-json\/wp\/v2\/pages"}],"about":[{"href":"https:\/\/www.teacherbuilder.com\/es\/wp-json\/wp\/v2\/types\/page"}],"author":[{"embeddable":true,"href":"https:\/\/www.teacherbuilder.com\/es\/wp-json\/wp\/v2\/users\/1"}],"replies":[{"embeddable":true,"href":"https:\/\/www.teacherbuilder.com\/es\/wp-json\/wp\/v2\/comments?post=16459"}],"version-history":[{"count":2,"href":"https:\/\/www.teacherbuilder.com\/es\/wp-json\/wp\/v2\/pages\/16459\/revisions"}],"predecessor-version":[{"id":16462,"href":"https:\/\/www.teacherbuilder.com\/es\/wp-json\/wp\/v2\/pages\/16459\/revisions\/16462"}],"wp:attachment":[{"href":"https:\/\/www.teacherbuilder.com\/es\/wp-json\/wp\/v2\/media?parent=16459"}],"curies":[{"name":"wp","href":"https:\/\/api.w.org\/{rel}","templated":true}]}}